{"id":171,"date":"2019-08-02T15:24:17","date_gmt":"2019-08-02T13:24:17","guid":{"rendered":"http:\/\/3c634affzx.preview.infomaniak.website\/?page_id=171"},"modified":"2019-08-11T15:56:53","modified_gmt":"2019-08-11T13:56:53","slug":"nos-vins","status":"publish","type":"page","link":"https:\/\/camiliengaille.ch\/de\/nos-vins\/","title":{"rendered":"Nos Vins"},"content":{"rendered":"<p>Dans nos 8,5 hectares de vignes, nous cultivons un total de 12 c\u00e9pages. Avec ceux-ci, nous produisons 13 vins diff\u00e9rents; blanc, rouge et ros\u00e9:<br \/>&#8211; <a href=\"http:\/\/3c634affzx.preview.infomaniak.website\/nos-differents-vins\/\">La Brant\u00e9e<\/a><br \/>&#8211; <a href=\"http:\/\/3c634affzx.preview.infomaniak.website\/la-chassagne\/\">Chassagne<\/a><br \/>&#8211; <a href=\"http:\/\/3c634affzx.preview.infomaniak.website\/le-charmont\/\">Charmont<\/a><br \/>&#8211; <a href=\"http:\/\/3c634affzx.preview.infomaniak.website\/pinot-blanc\/\">Pinot Blanc<\/a><br \/>&#8211; <a href=\"http:\/\/3c634affzx.preview.infomaniak.website\/passe-muraille\/\">Passe Muraille<\/a><br \/>&#8211; <a href=\"http:\/\/3c634affzx.preview.infomaniak.website\/mousseux\/\">Mousseux<\/a><br \/>&#8211; <a href=\"http:\/\/3c634affzx.preview.infomaniak.website\/les-3-saisons\/\">Les 3 Saisons<\/a><br \/>&#8211; <a href=\"http:\/\/3c634affzx.preview.infomaniak.website\/oeil-de-perdrix\/\">Oeil-de-Perdrix<\/a><br \/>&#8211; <a href=\"http:\/\/3c634affzx.preview.infomaniak.website\/le-temeraire-2\/\">Le T\u00e9m\u00e9raire<\/a><br \/>&#8211; <a href=\"http:\/\/3c634affzx.preview.infomaniak.website\/sur-les-chaux\/\">Sur-les-Chaux<\/a><br \/>&#8211;<a href=\"http:\/\/3c634affzx.preview.infomaniak.website\/sur-les-chaux-en-futs\/\">Sur-les-Chaux en f\u00fbt<\/a><br \/>&#8211; <a href=\"http:\/\/3c634affzx.preview.infomaniak.website\/les-deracines\/\">Les D\u00e9racin\u00e9s<\/a><br \/>&#8211; <a href=\"http:\/\/3c634affzx.preview.infomaniak.website\/ros-solis\/\">Ros Solis<\/a><\/p>","protected":false},"excerpt":{"rendered":"<p>Dans nos 8,5 hectares de vignes, nous cultivons un total de 12 c\u00e9pages. Avec ceux-ci, nous produisons 13 vins diff\u00e9rents; blanc, rouge et ros\u00e9:&#8211; La Brant\u00e9e&#8211; Chassagne&#8211; Charmont&#8211; Pinot Blanc&#8211; Passe Muraille&#8211; Mousseux&#8211; Les 3 Saisons&#8211; Oeil-de-Perdrix&#8211; Le T\u00e9m\u00e9raire&#8211; Sur-les-Chaux&#8211;Sur-les-Chaux &hellip; <\/p>\n<div class=\"read-more\"><a href=\"https:\/\/camiliengaille.ch\/de\/nos-vins\/\" class=\"more-link\">Read More<\/a><\/div>","protected":false},"author":3,"featured_media":0,"parent":0,"menu_order":0,"comment_status":"closed","ping_status":"closed","template":"","meta":{"footnotes":""},"class_list":["post-171","page","type-page","status-publish","hentry","entry"],"yoast_head":"<!-- This site is optimized with the Yoast SEO plugin v20.1 - https:\/\/yoast.com\/wordpress\/plugins\/seo\/ -->\n<title>Nos Vins -<\/title>\n<meta name=\"robots\" content=\"index, follow, max-snippet:-1, max-image-preview:large, max-video-preview:-1\" \/>\n<link rel=\"canonical\" href=\"https:\/\/camiliengaille.ch\/de\/nos-vins\/\" \/>\n<meta property=\"og:locale\" content=\"de_DE\" \/>\n<meta property=\"og:type\" content=\"article\" \/>\n<meta property=\"og:title\" content=\"Nos Vins -\" \/>\n<meta property=\"og:description\" content=\"Dans nos 8,5 hectares de vignes, nous cultivons un total de 12 c\u00e9pages. Avec ceux-ci, nous produisons 13 vins diff\u00e9rents; blanc, rouge et ros\u00e9:&#8211; La Brant\u00e9e&#8211; Chassagne&#8211; Charmont&#8211; Pinot Blanc&#8211; Passe Muraille&#8211; Mousseux&#8211; Les 3 Saisons&#8211; Oeil-de-Perdrix&#8211; Le T\u00e9m\u00e9raire&#8211; Sur-les-Chaux&#8211;Sur-les-Chaux &hellip; Read More\" \/>\n<meta property=\"og:url\" content=\"https:\/\/camiliengaille.ch\/de\/nos-vins\/\" \/>\n<meta property=\"article:modified_time\" content=\"2019-08-11T13:56:53+00:00\" \/>\n<meta name=\"twitter:card\" content=\"summary_large_image\" \/>\n<script type=\"application\/ld+json\" class=\"yoast-schema-graph\">{\"@context\":\"https:\/\/schema.org\",\"@graph\":[{\"@type\":\"WebPage\",\"@id\":\"https:\/\/camiliengaille.ch\/nos-vins\/\",\"url\":\"https:\/\/camiliengaille.ch\/nos-vins\/\",\"name\":\"Nos Vins -\",\"isPartOf\":{\"@id\":\"https:\/\/camiliengaille.ch\/#website\"},\"datePublished\":\"2019-08-02T13:24:17+00:00\",\"dateModified\":\"2019-08-11T13:56:53+00:00\",\"breadcrumb\":{\"@id\":\"https:\/\/camiliengaille.ch\/nos-vins\/#breadcrumb\"},\"inLanguage\":\"de\",\"potentialAction\":[{\"@type\":\"ReadAction\",\"target\":[\"https:\/\/camiliengaille.ch\/nos-vins\/\"]}]},{\"@type\":\"BreadcrumbList\",\"@id\":\"https:\/\/camiliengaille.ch\/nos-vins\/#breadcrumb\",\"itemListElement\":[{\"@type\":\"ListItem\",\"position\":1,\"name\":\"Accueil\",\"item\":\"https:\/\/camiliengaille.ch\/\"},{\"@type\":\"ListItem\",\"position\":2,\"name\":\"Nos Vins\"}]},{\"@type\":\"WebSite\",\"@id\":\"https:\/\/camiliengaille.ch\/#website\",\"url\":\"https:\/\/camiliengaille.ch\/\",\"name\":\"\",\"description\":\"\",\"potentialAction\":[{\"@type\":\"SearchAction\",\"target\":{\"@type\":\"EntryPoint\",\"urlTemplate\":\"https:\/\/camiliengaille.ch\/?s={search_term_string}\"},\"query-input\":\"required name=search_term_string\"}],\"inLanguage\":\"de\"}]}<\/script>\n<!-- \/ Yoast SEO plugin. -->","yoast_head_json":{"title":"Nos Vins -","robots":{"index":"index","follow":"follow","max-snippet":"max-snippet:-1","max-image-preview":"max-image-preview:large","max-video-preview":"max-video-preview:-1"},"canonical":"https:\/\/camiliengaille.ch\/de\/nos-vins\/","og_locale":"de_DE","og_type":"article","og_title":"Nos Vins -","og_description":"Dans nos 8,5 hectares de vignes, nous cultivons un total de 12 c\u00e9pages. Avec ceux-ci, nous produisons 13 vins diff\u00e9rents; blanc, rouge et ros\u00e9:&#8211; La Brant\u00e9e&#8211; Chassagne&#8211; Charmont&#8211; Pinot Blanc&#8211; Passe Muraille&#8211; Mousseux&#8211; Les 3 Saisons&#8211; Oeil-de-Perdrix&#8211; Le T\u00e9m\u00e9raire&#8211; Sur-les-Chaux&#8211;Sur-les-Chaux &hellip; Read More","og_url":"https:\/\/camiliengaille.ch\/de\/nos-vins\/","article_modified_time":"2019-08-11T13:56:53+00:00","twitter_card":"summary_large_image","schema":{"@context":"https:\/\/schema.org","@graph":[{"@type":"WebPage","@id":"https:\/\/camiliengaille.ch\/nos-vins\/","url":"https:\/\/camiliengaille.ch\/nos-vins\/","name":"Nos Vins -","isPartOf":{"@id":"https:\/\/camiliengaille.ch\/#website"},"datePublished":"2019-08-02T13:24:17+00:00","dateModified":"2019-08-11T13:56:53+00:00","breadcrumb":{"@id":"https:\/\/camiliengaille.ch\/nos-vins\/#breadcrumb"},"inLanguage":"de","potentialAction":[{"@type":"ReadAction","target":["https:\/\/camiliengaille.ch\/nos-vins\/"]}]},{"@type":"BreadcrumbList","@id":"https:\/\/camiliengaille.ch\/nos-vins\/#breadcrumb","itemListElement":[{"@type":"ListItem","position":1,"name":"Accueil","item":"https:\/\/camiliengaille.ch\/"},{"@type":"ListItem","position":2,"name":"Nos Vins"}]},{"@type":"WebSite","@id":"https:\/\/camiliengaille.ch\/#website","url":"https:\/\/camiliengaille.ch\/","name":"","description":"","potentialAction":[{"@type":"SearchAction","target":{"@type":"EntryPoint","urlTemplate":"https:\/\/camiliengaille.ch\/?s={search_term_string}"},"query-input":"required name=search_term_string"}],"inLanguage":"de"}]}},"_links":{"self":[{"href":"https:\/\/camiliengaille.ch\/de\/wp-json\/wp\/v2\/pages\/171","targetHints":{"allow":["GET"]}}],"collection":[{"href":"https:\/\/camiliengaille.ch\/de\/wp-json\/wp\/v2\/pages"}],"about":[{"href":"https:\/\/camiliengaille.ch\/de\/wp-json\/wp\/v2\/types\/page"}],"author":[{"embeddable":true,"href":"https:\/\/camiliengaille.ch\/de\/wp-json\/wp\/v2\/users\/3"}],"replies":[{"embeddable":true,"href":"https:\/\/camiliengaille.ch\/de\/wp-json\/wp\/v2\/comments?post=171"}],"version-history":[{"count":4,"href":"https:\/\/camiliengaille.ch\/de\/wp-json\/wp\/v2\/pages\/171\/revisions"}],"predecessor-version":[{"id":203,"href":"https:\/\/camiliengaille.ch\/de\/wp-json\/wp\/v2\/pages\/171\/revisions\/203"}],"wp:attachment":[{"href":"https:\/\/camiliengaille.ch\/de\/wp-json\/wp\/v2\/media?parent=171"}],"curies":[{"name":"wp","href":"https:\/\/api.w.org\/{rel}","templated":true}]}}