{"id":449,"date":"2025-04-08T15:13:13","date_gmt":"2025-04-08T13:13:13","guid":{"rendered":"https:\/\/camiliengaille.ch\/?page_id=449"},"modified":"2025-04-11T15:52:56","modified_gmt":"2025-04-11T13:52:56","slug":"prix-vins-blancs","status":"publish","type":"page","link":"https:\/\/camiliengaille.ch\/de\/prix-vins-blancs\/","title":{"rendered":"Preise der Weissweine"},"content":{"rendered":"<h1 style=\"text-align: center;\">Entdecken Sie unsere Weissweine<\/h1>\n<p><span style=\"\"><img decoding=\"async\" alt=\"\" data-id=\"451\" width=\"292\" data-init-width=\"827\" height=\"500\" data-init-height=\"1417\" title=\"C.Gaille_Chassagne_70 cl.indd\" src=\"https:\/\/camiliengaille.ch\/wp-content\/uploads\/2025\/04\/Chassagne_70-cl.jpg\" data-width=\"292\" style=\"aspect-ratio: auto 827 \/ 1417;\" mt-d=\"0\" data-height=\"500\" ml-d=\"0\" loading=\"lazy\"><\/span><\/p>\n<h3 style=\"\">Chassagne<\/h3>\n<p style=\"text-align: left;\">Description en pr\u00e9paration&#8230;<\/p>\n<ul style=\"\">\n<li style=\"\"><span style=\"\">50 cl : 8.50<\/span><\/li>\n<li style=\"\"><span>70 cl : 12.-<\/span><\/li>\n<\/ul>\n<p><span style=\"\"><img decoding=\"async\" alt=\"\" data-id=\"452\" width=\"292\" data-init-width=\"827\" height=\"500\" data-init-height=\"1417\" title=\"C.Gaille_La Brante\u0301e_70 cl.indd\" src=\"https:\/\/camiliengaille.ch\/wp-content\/uploads\/2025\/04\/La-Brantee_70-cl.jpg\" data-width=\"292\" style=\"aspect-ratio: auto 827 \/ 1417;\" mt-d=\"0\" data-height=\"500\" ml-d=\"0\" loading=\"lazy\"><\/span><\/p>\n<h3 style=\"\">La Brant\u00e9e<span style=\"--tcb-applied-color: rgba(15, 20, 24, 0) !important; color: rgba(15, 20, 24, 0) !important;\">LL<\/span><\/h3>\n<p style=\"text-align: left;\">Chasselas-Wein, der sich durch kr\u00e4ftige fruchtige Aromen mit einer leichten, gut ausgewogenen S\u00e4ure auszeichnet. Er ist von einem leichten Terroir gepr\u00e4gt. Sie werden seine Frische und Zartheit f\u00fcr den Aperitif sowie zur Begleitung von Seefischen, Fondue oder Raclette sch\u00e4tzen.<\/p>\n<ul style=\"\">\n<li style=\"\"><span style=\"\">50 cl : 6.70<\/span><\/li>\n<li style=\"\"><span style=\"\">70 cl : 9.50<\/span><\/li>\n<\/ul>\n<p><span style=\"\"><img decoding=\"async\" alt=\"\" data-id=\"456\" width=\"292\" data-init-width=\"827\" height=\"500\" data-init-height=\"1417\" title=\"C.Gaille_Charmont_75 cl.indd\" src=\"https:\/\/camiliengaille.ch\/wp-content\/uploads\/2025\/04\/Charmont_75-cl.jpg\" data-width=\"292\" style=\"aspect-ratio: auto 827 \/ 1417;\" mt-d=\"0\" data-height=\"500\" ml-d=\"0\" loading=\"lazy\"><\/span><\/p>\n<h3 style=\"\">Charmont<\/h3>\n<p style=\"text-align: left;\">Sein goldgelbes Kleid l\u00e4sst seine Frische am Gaumen erahnen. Dieser ideal ausgewogene und mineralische Wein eignet sich hervorragend als Aperitif, passt aber auch zu Fischgerichten sowie zu s\u00fc\u00df-sauren Speisen. Die klimatischen Bedingungen beeinflussen diese Rebsorte besonders, und jeder Jahrgang ist eine neue Entdeckung !<\/p>\n<ul style=\"\">\n<li style=\"\"><span style=\"\">50 cl : 8.50<\/span><\/li>\n<li style=\"\"><span style=\"\">75 cl : 12.00<\/span><\/li>\n<\/ul>\n<p><span style=\"\"><img decoding=\"async\" alt=\"\" data-id=\"461\" width=\"292\" data-init-width=\"827\" height=\"500\" data-init-height=\"1417\" title=\"C.Gaille_Pinot blanc_75 cl.indd\" src=\"https:\/\/camiliengaille.ch\/wp-content\/uploads\/2025\/04\/Pinot-blanc_75-cl.jpg\" data-width=\"292\" style=\"aspect-ratio: auto 827 \/ 1417;\" mt-d=\"0\" data-height=\"500\" ml-d=\"0\" loading=\"lazy\"><\/span><\/p>\n<h3 style=\"\">Pinot Blanc<span style=\"--tcb-applied-color: rgba(12, 17, 21, 0) !important; color: rgba(12, 17, 21, 0) !important;\">LLL<\/span><\/h3>\n<p style=\"text-align: left;\">Visuell zeigt er eine klare, gelbe Farbe. Es ist ein sehr frischer Wein am Gaumen, dessen Aromen in Richtung reifer Fr\u00fcchte tendieren. Sie werden ihn sowohl als Aperitif als auch zur Begleitung von Fischgerichten sch\u00e4tzen.<\/p>\n<ul style=\"\">\n<li style=\"\"><span style=\"\">50 cl : 9.50<\/span><\/li>\n<li style=\"\"><span style=\"\">75 cl &nbsp;14.50<\/span><\/li>\n<\/ul>\n<p><span style=\"\"><img decoding=\"async\" alt=\"\" data-id=\"462\" width=\"292\" data-init-width=\"709\" height=\"500\" data-init-height=\"1181\" title=\"C.Gaille_Passe Muraille_50 cl.indd\" src=\"https:\/\/camiliengaille.ch\/wp-content\/uploads\/2025\/04\/Passe-Muraille_50-cl.jpg\" data-width=\"292\" style=\"aspect-ratio: auto 709 \/ 1181;\" mt-d=\"0\" data-height=\"500\" ml-d=\"0\" loading=\"lazy\"><\/span><\/p>\n<h3 style=\"\">Passe Muraille<span style=\"--tcb-applied-color: rgba(12, 17, 21, 0) !important; color: rgba(12, 17, 21, 0) !important;\">LL<\/span><\/h3>\n<p style=\"\">Der Gew\u00fcrztraminer ist eine sehr aromatische Rebsorte, die Aromen von Rose und Litschi entfaltet.<\/p>\n<p style=\"\">Im Gegensatz zu den meisten Gew\u00fcrztraminern wird unserer nicht zu einem s\u00fc\u00dfen Wein vinifiziert. Er passt hervorragend zu einem Dessert oder einem Aperitif, kann aber auch sehr gut mit Foie Gras genossen werden !<\/p>\n<ul style=\"\">\n<li style=\"\"><span style=\"\">50 cl : 11.00<\/span><\/li>\n<\/ul>\n<p><span style=\"\"><img decoding=\"async\" alt=\"\" data-id=\"726\" width=\"292\" data-init-width=\"827\" height=\"500\" data-init-height=\"1417\" title=\"Pinot noir_70 cl\" src=\"https:\/\/camiliengaille.ch\/wp-content\/uploads\/2025\/04\/Pinot-noir_70-cl.png\" data-width=\"292\" style=\"aspect-ratio: auto 827 \/ 1417;\" mt-d=\"0\" data-height=\"500\" ml-d=\"0\" loading=\"lazy\"><\/span><\/p>\n<h3 style=\"\">Mousseux<\/h3>\n<p style=\"\">Dieser Wein stammt aus Chardonnay, der nach der traditionellen Champagner-Methode vinifiziert wurde. Es ist das einzige Produkt, um das wir uns nicht vollst\u00e4ndig k\u00fcmmern. Tats\u00e4chlich erfordert es eine zu gro\u00dfe Infrastruktur. Deshalb lassen wir einen Teil der Vinifikation von einem Winzer aus der Region durchf\u00fchren, der auf dieses Gebiet spezialisiert ist. Dieser Blanc de Blanc zeichnet sich durch seine Frische aus. Die feinen Bl\u00e4schen intensivieren den Geschmack des Chardonnays. Er passt hervorragend zu jedem Aperitif oder festlichem Dessert, aber auch sehr gut zu einem Fischgericht.<\/p>\n<ul style=\"\">\n<li style=\"\"><span style=\"\">75cl : 24.-<\/span><\/li>\n<\/ul>\n<p><span style=\"\"><img decoding=\"async\" alt=\"\" data-id=\"726\" width=\"292\" data-init-width=\"827\" height=\"500\" data-init-height=\"1417\" title=\"Pinot noir_70 cl\" src=\"https:\/\/camiliengaille.ch\/wp-content\/uploads\/2025\/04\/Pinot-noir_70-cl.png\" data-width=\"292\" style=\"aspect-ratio: auto 827 \/ 1417;\" mt-d=\"0\" data-height=\"500\" ml-d=\"0\" loading=\"lazy\"><\/span><\/p>\n<h3 style=\"\">Or d\u2019Automne<\/h3>\n<p style=\"\">Description en pr\u00e9paration&#8230;<\/p>\n<ul style=\"\">\n<li style=\"\"><span style=\"\">37.5 cl : 21.-<\/span><\/li>\n<\/ul>\n<h4 style=\"text-align: center;\">Kontaktieren Sie uns, wir stehen Ihnen zur Verf\u00fcgung.<\/h4>\n<p style=\"text-align: center;\">Wir freuen uns, alle Ihre Fragen zu beantworten.<\/p>","protected":false},"excerpt":{"rendered":"<p>D\u00e9couvrir nos blancs Chassagne Description en pr\u00e9paration&#8230; 50 cl : 8.50 70 cl : 12.- La Brant\u00e9eLL Vin de chasselas qui se caract\u00e9rise par des ar\u00f4mes fruit\u00e9s soutenus d\u2019une l\u00e9g\u00e8re acidit\u00e9 bien \u00e9quilibr\u00e9e. Il est marqu\u00e9 par un l\u00e9ger terroir. &hellip; <\/p>\n<div class=\"read-more\"><a href=\"https:\/\/camiliengaille.ch\/de\/prix-vins-blancs\/\" class=\"more-link\">Read More<\/a><\/div>","protected":false},"author":6,"featured_media":0,"parent":0,"menu_order":0,"comment_status":"closed","ping_status":"closed","template":"","meta":{"footnotes":""},"class_list":["post-449","page","type-page","status-publish","hentry","entry"],"yoast_head":"<!-- This site is optimized with the Yoast SEO plugin v20.1 - https:\/\/yoast.com\/wordpress\/plugins\/seo\/ -->\n<title>Prix vins blancs -<\/title>\n<meta name=\"robots\" content=\"index, follow, max-snippet:-1, max-image-preview:large, max-video-preview:-1\" \/>\n<link rel=\"canonical\" href=\"https:\/\/camiliengaille.ch\/de\/prix-vins-blancs\/\" \/>\n<meta property=\"og:locale\" content=\"de_DE\" \/>\n<meta property=\"og:type\" content=\"article\" \/>\n<meta property=\"og:title\" content=\"Prix vins blancs -\" \/>\n<meta property=\"og:description\" content=\"D\u00e9couvrir nos blancs Chassagne Description en pr\u00e9paration&#8230; 50 cl : 8.50 70 cl : 12.- La Brant\u00e9eLL Vin de chasselas qui se caract\u00e9rise par des ar\u00f4mes fruit\u00e9s soutenus d\u2019une l\u00e9g\u00e8re acidit\u00e9 bien \u00e9quilibr\u00e9e. Il est marqu\u00e9 par un l\u00e9ger terroir. &hellip; Read More\" \/>\n<meta property=\"og:url\" content=\"https:\/\/camiliengaille.ch\/de\/prix-vins-blancs\/\" \/>\n<meta property=\"article:modified_time\" content=\"2025-04-11T13:52:56+00:00\" \/>\n<meta property=\"og:image\" content=\"https:\/\/camiliengaille.ch\/wp-content\/uploads\/2025\/04\/Chassagne_70-cl.jpg\" \/>\n<meta name=\"twitter:card\" content=\"summary_large_image\" \/>\n<meta name=\"twitter:label1\" content=\"Gesch\u00e4tzte Lesezeit\" \/>\n\t<meta name=\"twitter:data1\" content=\"4\u00a0Minuten\" \/>\n<script type=\"application\/ld+json\" class=\"yoast-schema-graph\">{\"@context\":\"https:\/\/schema.org\",\"@graph\":[{\"@type\":\"WebPage\",\"@id\":\"https:\/\/camiliengaille.ch\/prix-vins-blancs\/\",\"url\":\"https:\/\/camiliengaille.ch\/prix-vins-blancs\/\",\"name\":\"Prix vins blancs -\",\"isPartOf\":{\"@id\":\"https:\/\/camiliengaille.ch\/#website\"},\"datePublished\":\"2025-04-08T13:13:13+00:00\",\"dateModified\":\"2025-04-11T13:52:56+00:00\",\"breadcrumb\":{\"@id\":\"https:\/\/camiliengaille.ch\/prix-vins-blancs\/#breadcrumb\"},\"inLanguage\":\"de\",\"potentialAction\":[{\"@type\":\"ReadAction\",\"target\":[\"https:\/\/camiliengaille.ch\/prix-vins-blancs\/\"]}]},{\"@type\":\"BreadcrumbList\",\"@id\":\"https:\/\/camiliengaille.ch\/prix-vins-blancs\/#breadcrumb\",\"itemListElement\":[{\"@type\":\"ListItem\",\"position\":1,\"name\":\"Accueil\",\"item\":\"https:\/\/camiliengaille.ch\/\"},{\"@type\":\"ListItem\",\"position\":2,\"name\":\"Prix vins blancs\"}]},{\"@type\":\"WebSite\",\"@id\":\"https:\/\/camiliengaille.ch\/#website\",\"url\":\"https:\/\/camiliengaille.ch\/\",\"name\":\"\",\"description\":\"\",\"potentialAction\":[{\"@type\":\"SearchAction\",\"target\":{\"@type\":\"EntryPoint\",\"urlTemplate\":\"https:\/\/camiliengaille.ch\/?s={search_term_string}\"},\"query-input\":\"required name=search_term_string\"}],\"inLanguage\":\"de\"}]}<\/script>\n<!-- \/ Yoast SEO plugin. -->","yoast_head_json":{"title":"Prix vins blancs -","robots":{"index":"index","follow":"follow","max-snippet":"max-snippet:-1","max-image-preview":"max-image-preview:large","max-video-preview":"max-video-preview:-1"},"canonical":"https:\/\/camiliengaille.ch\/de\/prix-vins-blancs\/","og_locale":"de_DE","og_type":"article","og_title":"Prix vins blancs -","og_description":"D\u00e9couvrir nos blancs Chassagne Description en pr\u00e9paration&#8230; 50 cl : 8.50 70 cl : 12.- La Brant\u00e9eLL Vin de chasselas qui se caract\u00e9rise par des ar\u00f4mes fruit\u00e9s soutenus d\u2019une l\u00e9g\u00e8re acidit\u00e9 bien \u00e9quilibr\u00e9e. Il est marqu\u00e9 par un l\u00e9ger terroir. &hellip; Read More","og_url":"https:\/\/camiliengaille.ch\/de\/prix-vins-blancs\/","article_modified_time":"2025-04-11T13:52:56+00:00","og_image":[{"url":"https:\/\/camiliengaille.ch\/wp-content\/uploads\/2025\/04\/Chassagne_70-cl.jpg"}],"twitter_card":"summary_large_image","twitter_misc":{"Gesch\u00e4tzte Lesezeit":"4\u00a0Minuten"},"schema":{"@context":"https:\/\/schema.org","@graph":[{"@type":"WebPage","@id":"https:\/\/camiliengaille.ch\/prix-vins-blancs\/","url":"https:\/\/camiliengaille.ch\/prix-vins-blancs\/","name":"Prix vins blancs -","isPartOf":{"@id":"https:\/\/camiliengaille.ch\/#website"},"datePublished":"2025-04-08T13:13:13+00:00","dateModified":"2025-04-11T13:52:56+00:00","breadcrumb":{"@id":"https:\/\/camiliengaille.ch\/prix-vins-blancs\/#breadcrumb"},"inLanguage":"de","potentialAction":[{"@type":"ReadAction","target":["https:\/\/camiliengaille.ch\/prix-vins-blancs\/"]}]},{"@type":"BreadcrumbList","@id":"https:\/\/camiliengaille.ch\/prix-vins-blancs\/#breadcrumb","itemListElement":[{"@type":"ListItem","position":1,"name":"Accueil","item":"https:\/\/camiliengaille.ch\/"},{"@type":"ListItem","position":2,"name":"Prix vins blancs"}]},{"@type":"WebSite","@id":"https:\/\/camiliengaille.ch\/#website","url":"https:\/\/camiliengaille.ch\/","name":"","description":"","potentialAction":[{"@type":"SearchAction","target":{"@type":"EntryPoint","urlTemplate":"https:\/\/camiliengaille.ch\/?s={search_term_string}"},"query-input":"required name=search_term_string"}],"inLanguage":"de"}]}},"_links":{"self":[{"href":"https:\/\/camiliengaille.ch\/de\/wp-json\/wp\/v2\/pages\/449","targetHints":{"allow":["GET"]}}],"collection":[{"href":"https:\/\/camiliengaille.ch\/de\/wp-json\/wp\/v2\/pages"}],"about":[{"href":"https:\/\/camiliengaille.ch\/de\/wp-json\/wp\/v2\/types\/page"}],"author":[{"embeddable":true,"href":"https:\/\/camiliengaille.ch\/de\/wp-json\/wp\/v2\/users\/6"}],"replies":[{"embeddable":true,"href":"https:\/\/camiliengaille.ch\/de\/wp-json\/wp\/v2\/comments?post=449"}],"version-history":[{"count":28,"href":"https:\/\/camiliengaille.ch\/de\/wp-json\/wp\/v2\/pages\/449\/revisions"}],"predecessor-version":[{"id":728,"href":"https:\/\/camiliengaille.ch\/de\/wp-json\/wp\/v2\/pages\/449\/revisions\/728"}],"wp:attachment":[{"href":"https:\/\/camiliengaille.ch\/de\/wp-json\/wp\/v2\/media?parent=449"}],"curies":[{"name":"wp","href":"https:\/\/api.w.org\/{rel}","templated":true}]}}