{"id":466,"date":"2025-04-08T15:14:28","date_gmt":"2025-04-08T13:14:28","guid":{"rendered":"https:\/\/camiliengaille.ch\/?page_id=466"},"modified":"2025-05-26T15:22:47","modified_gmt":"2025-05-26T13:22:47","slug":"prix-vins-rouges","status":"publish","type":"page","link":"https:\/\/camiliengaille.ch\/de\/prix-vins-rouges\/","title":{"rendered":"Preise der Rotweine"},"content":{"rendered":"<h1 style=\"text-align: center;\">Entdecken Sie unsere Rotweine<\/h1>\n<p><span style=\"\"><img decoding=\"async\" alt=\"\" data-id=\"492\" width=\"292\" data-init-width=\"827\" height=\"500\" data-init-height=\"1417\" title=\"C.Gaille_Le Te\u0301me\u0301raire 2022_70 cl.indd\" src=\"https:\/\/camiliengaille.ch\/wp-content\/uploads\/2025\/04\/Le-Temeraire_70-cl.jpg\" data-width=\"292\" style=\"aspect-ratio: auto 827 \/ 1417;\" mt-d=\"0\" data-height=\"500\" ml-d=\"0\" loading=\"lazy\"><\/span><\/p>\n<h3 style=\"\">Le T\u00e9m\u00e9raire<\/h3>\n<p style=\"text-align: left;\">Hergestellt aus einer Assemblage edler Rebsorten (Pinot Noir und Gamay), pr\u00e4sentiert sich dieser leichte Rotwein mit einer sch\u00f6nen Transparenz und Aromen von roten Fr\u00fcchten. Er passt perfekt zu allen Gerichten, vom Vorspeise bis zum Dessert. Auch als Aperitif ist er sehr angenehm.<\/p>\n<ul style=\"\">\n<li style=\"\"><span style=\"\">50 cl : 7.20<\/span><\/li>\n<li style=\"\"><span>75 cl : 10.50<\/span><\/li>\n<\/ul>\n<p><span style=\"\"><img decoding=\"async\" alt=\"\" data-id=\"494\" width=\"292\" data-init-width=\"827\" height=\"500\" data-init-height=\"1417\" title=\"C.Gaille_Pinot noir 2021_70 cl.indd\" src=\"https:\/\/camiliengaille.ch\/wp-content\/uploads\/2025\/04\/Pinot-noir_70-cl.jpg\" data-width=\"292\" style=\"aspect-ratio: auto 827 \/ 1417;\" mt-d=\"0\" data-height=\"500\" ml-d=\"0\" loading=\"lazy\"><\/span><\/p>\n<h3 style=\"\">Sur-les-Chaux<span style=\"--tcb-applied-color: rgba(12, 17, 21, 0) !important; color: rgba(12, 17, 21, 0) !important;\">LLL<\/span><\/h3>\n<p style=\"text-align: left;\">Dieser Pinot Noir stammt aus sorgf\u00e4ltig ausgew\u00e4hlten Trauben. Er zeigt ein rubinrotes Kleid und Aromen von reifen roten Fr\u00fcchten. Sein Geschmack ist perfekt ausgewogen, die Tannine und die S\u00e4ure erg\u00e4nzen sich harmonisch. Er passt wunderbar zu roten oder wei\u00dfen Fleischgerichten sowie zu K\u00e4se.<\/p>\n<ul style=\"\">\n<li style=\"\"><span style=\"\">50 cl : 6.70<\/span><\/li>\n<li style=\"\"><span style=\"\">70 cl : 9.50<\/span><\/li>\n<\/ul>\n<p><span style=\"\"><img decoding=\"async\" alt=\"\" data-id=\"493\" width=\"292\" data-init-width=\"827\" height=\"500\" data-init-height=\"1417\" title=\"C.Gaille_Sur les Chaux 2020 (fu\u0302ts de che\u0302ne)_70 cl.indd\" src=\"https:\/\/camiliengaille.ch\/wp-content\/uploads\/2025\/04\/Sur-les-Chaux-futs-de-chene_70-cl.jpg\" data-width=\"292\" style=\"aspect-ratio: auto 827 \/ 1417;\" mt-d=\"0\" data-height=\"500\" ml-d=\"0\" loading=\"lazy\"><\/span><\/p>\n<h3 style=\"\">Sur-les-Chaux en f\u00fbts<span style=\"--tcb-applied-color: rgba(12, 17, 21, 0) !important; color: rgba(12, 17, 21, 0) !important;\">LLLLL<\/span><\/h3>\n<p style=\"text-align: left;\">Dieser Pinot Noir wurde ein Jahr lang in Barriques ausgebaut. Dies verleiht ihm einen kr\u00e4ftigen Charakter und bringt ein gutes Gleichgewicht. Er zeigt eine rote, leichte Farbe, die typisch f\u00fcr die Pinots der Region ist. Auch ein aromatisches Bouquet und ein klarer, markanter Geschmack sind bemerkenswert. Er passt gut zu roten Fleischgerichten, Wurstwaren sowie zu K\u00e4se.<\/p>\n<ul style=\"\">\n<li style=\"\"><span style=\"\">50 cl : 9.50<\/span><\/li>\n<li style=\"\"><span style=\"\">75 cl : 14.50<\/span><\/li>\n<\/ul>\n<p><span style=\"\"><img decoding=\"async\" alt=\"\" data-id=\"726\" width=\"292\" data-init-width=\"827\" height=\"500\" data-init-height=\"1417\" title=\"Pinot noir_70 cl\" src=\"https:\/\/camiliengaille.ch\/wp-content\/uploads\/2025\/04\/Pinot-noir_70-cl.png\" data-width=\"292\" style=\"aspect-ratio: auto 827 \/ 1417;\" mt-d=\"0\" data-height=\"500\" ml-d=\"0\" loading=\"lazy\"><\/span><\/p>\n<h3 style=\"\">Les D\u00e9racin\u00e9s<\/h3>\n<p style=\"text-align: left;\">Diese Assemblage aus Gamaret und Garanoir wird ein Jahr lang in Eichenf\u00e4ssern ausgebaut. Es handelt sich um einen kr\u00e4ftigen Wein mit Aromen von schwarzen Fr\u00fcchten. Dieser Wein passt perfekt zu roten Fleischgerichten sowie zu Wildgerichten. Er eignet sich auch hervorragend zum Abschluss eines Mahls, um K\u00e4se zu begleiten.<\/p>\n<ul style=\"\">\n<li style=\"\"><span style=\"\">50 cl : 15.00<\/span><\/li>\n<li style=\"\"><span style=\"\">70 cl&nbsp; 21.00<\/span><\/li>\n<\/ul>\n<p><span style=\"\"><img decoding=\"async\" alt=\"\" data-id=\"495\" width=\"292\" data-init-width=\"827\" height=\"500\" data-init-height=\"1417\" title=\"C.Gaille_Ros Solis 2020_70 cl.indd\" src=\"https:\/\/camiliengaille.ch\/wp-content\/uploads\/2025\/04\/Ros-Solis_70-cl.jpg\" data-width=\"292\" style=\"aspect-ratio: auto 827 \/ 1417;\" mt-d=\"0\" data-height=\"500\" ml-d=\"0\" loading=\"lazy\"><\/span><\/p>\n<h3 style=\"\">Ros Solis<span style=\"--tcb-applied-color: rgba(12, 17, 21, 0) !important; color: rgba(12, 17, 21, 0) !important;\">LLLL<\/span><\/h3>\n<p>Dieser Wein ist eine Assemblage aus Cabernet und Merlot, die ein Jahr lang in Eichenf\u00e4ssern ausgebaut wurde. Da diese beiden Rebsorten h\u00e4ufiger in s\u00fcdlichen L\u00e4ndern vorkommen, erfordern sie in unserer n\u00f6rdlichen Region besondere Aufmerksamkeit.<\/p>\n<p>Diese Assemblage ergibt einen charaktervollen Wein mit einem fruchtigen und intensiven Bouquet. Er passt perfekt zu roten Fleischgerichten.<\/p>\n<ul style=\"\">\n<li style=\"\"><span style=\"\">50 cl : 17.00<\/span><\/li>\n<li style=\"\"><span style=\"\">75 cl : 25.00<\/span><\/li>\n<\/ul>\n<h4 style=\"text-align: center;\">Kontaktieren Sie uns, wir stehen Ihnen zur Verf\u00fcgung.<\/h4>\n<p style=\"text-align: center;\">Wir freuen uns, alle Ihre Fragen zu beantworten.<\/p>","protected":false},"excerpt":{"rendered":"<p>D\u00e9couvrir nos rouges Le T\u00e9m\u00e9raire Issus d\u2019un assemblage de c\u00e9pages nobles (pinot noir et gamay), se rouge l\u00e9ger pr\u00e9sente une belle transparence et des ar\u00f4mes de fruits rouges. Il se marie parfaitement avec tous les mets, de l\u2019entr\u00e9e au dessert. &hellip; <\/p>\n<div class=\"read-more\"><a href=\"https:\/\/camiliengaille.ch\/de\/prix-vins-rouges\/\" class=\"more-link\">Read More<\/a><\/div>","protected":false},"author":6,"featured_media":0,"parent":0,"menu_order":0,"comment_status":"closed","ping_status":"closed","template":"","meta":{"footnotes":""},"class_list":["post-466","page","type-page","status-publish","hentry","entry"],"yoast_head":"<!-- This site is optimized with the Yoast SEO plugin v20.1 - https:\/\/yoast.com\/wordpress\/plugins\/seo\/ -->\n<title>Prix vins rouges -<\/title>\n<meta name=\"robots\" content=\"index, follow, max-snippet:-1, max-image-preview:large, max-video-preview:-1\" \/>\n<link rel=\"canonical\" href=\"https:\/\/camiliengaille.ch\/de\/prix-vins-rouges\/\" \/>\n<meta property=\"og:locale\" content=\"de_DE\" \/>\n<meta property=\"og:type\" content=\"article\" \/>\n<meta property=\"og:title\" content=\"Prix vins rouges -\" \/>\n<meta property=\"og:description\" content=\"D\u00e9couvrir nos rouges Le T\u00e9m\u00e9raire Issus d\u2019un assemblage de c\u00e9pages nobles (pinot noir et gamay), se rouge l\u00e9ger pr\u00e9sente une belle transparence et des ar\u00f4mes de fruits rouges. Il se marie parfaitement avec tous les mets, de l\u2019entr\u00e9e au dessert. &hellip; Read More\" \/>\n<meta property=\"og:url\" content=\"https:\/\/camiliengaille.ch\/de\/prix-vins-rouges\/\" \/>\n<meta property=\"article:modified_time\" content=\"2025-05-26T13:22:47+00:00\" \/>\n<meta property=\"og:image\" content=\"https:\/\/camiliengaille.ch\/wp-content\/uploads\/2025\/04\/Le-Temeraire_70-cl.jpg\" \/>\n<meta name=\"twitter:card\" content=\"summary_large_image\" \/>\n<meta name=\"twitter:label1\" content=\"Gesch\u00e4tzte Lesezeit\" \/>\n\t<meta name=\"twitter:data1\" content=\"3\u00a0Minuten\" \/>\n<script type=\"application\/ld+json\" class=\"yoast-schema-graph\">{\"@context\":\"https:\/\/schema.org\",\"@graph\":[{\"@type\":\"WebPage\",\"@id\":\"https:\/\/camiliengaille.ch\/prix-vins-rouges\/\",\"url\":\"https:\/\/camiliengaille.ch\/prix-vins-rouges\/\",\"name\":\"Prix vins rouges -\",\"isPartOf\":{\"@id\":\"https:\/\/camiliengaille.ch\/#website\"},\"datePublished\":\"2025-04-08T13:14:28+00:00\",\"dateModified\":\"2025-05-26T13:22:47+00:00\",\"breadcrumb\":{\"@id\":\"https:\/\/camiliengaille.ch\/prix-vins-rouges\/#breadcrumb\"},\"inLanguage\":\"de\",\"potentialAction\":[{\"@type\":\"ReadAction\",\"target\":[\"https:\/\/camiliengaille.ch\/prix-vins-rouges\/\"]}]},{\"@type\":\"BreadcrumbList\",\"@id\":\"https:\/\/camiliengaille.ch\/prix-vins-rouges\/#breadcrumb\",\"itemListElement\":[{\"@type\":\"ListItem\",\"position\":1,\"name\":\"Accueil\",\"item\":\"https:\/\/camiliengaille.ch\/\"},{\"@type\":\"ListItem\",\"position\":2,\"name\":\"Prix vins rouges\"}]},{\"@type\":\"WebSite\",\"@id\":\"https:\/\/camiliengaille.ch\/#website\",\"url\":\"https:\/\/camiliengaille.ch\/\",\"name\":\"\",\"description\":\"\",\"potentialAction\":[{\"@type\":\"SearchAction\",\"target\":{\"@type\":\"EntryPoint\",\"urlTemplate\":\"https:\/\/camiliengaille.ch\/?s={search_term_string}\"},\"query-input\":\"required name=search_term_string\"}],\"inLanguage\":\"de\"}]}<\/script>\n<!-- \/ Yoast SEO plugin. -->","yoast_head_json":{"title":"Prix vins rouges -","robots":{"index":"index","follow":"follow","max-snippet":"max-snippet:-1","max-image-preview":"max-image-preview:large","max-video-preview":"max-video-preview:-1"},"canonical":"https:\/\/camiliengaille.ch\/de\/prix-vins-rouges\/","og_locale":"de_DE","og_type":"article","og_title":"Prix vins rouges -","og_description":"D\u00e9couvrir nos rouges Le T\u00e9m\u00e9raire Issus d\u2019un assemblage de c\u00e9pages nobles (pinot noir et gamay), se rouge l\u00e9ger pr\u00e9sente une belle transparence et des ar\u00f4mes de fruits rouges. Il se marie parfaitement avec tous les mets, de l\u2019entr\u00e9e au dessert. &hellip; Read More","og_url":"https:\/\/camiliengaille.ch\/de\/prix-vins-rouges\/","article_modified_time":"2025-05-26T13:22:47+00:00","og_image":[{"url":"https:\/\/camiliengaille.ch\/wp-content\/uploads\/2025\/04\/Le-Temeraire_70-cl.jpg"}],"twitter_card":"summary_large_image","twitter_misc":{"Gesch\u00e4tzte Lesezeit":"3\u00a0Minuten"},"schema":{"@context":"https:\/\/schema.org","@graph":[{"@type":"WebPage","@id":"https:\/\/camiliengaille.ch\/prix-vins-rouges\/","url":"https:\/\/camiliengaille.ch\/prix-vins-rouges\/","name":"Prix vins rouges -","isPartOf":{"@id":"https:\/\/camiliengaille.ch\/#website"},"datePublished":"2025-04-08T13:14:28+00:00","dateModified":"2025-05-26T13:22:47+00:00","breadcrumb":{"@id":"https:\/\/camiliengaille.ch\/prix-vins-rouges\/#breadcrumb"},"inLanguage":"de","potentialAction":[{"@type":"ReadAction","target":["https:\/\/camiliengaille.ch\/prix-vins-rouges\/"]}]},{"@type":"BreadcrumbList","@id":"https:\/\/camiliengaille.ch\/prix-vins-rouges\/#breadcrumb","itemListElement":[{"@type":"ListItem","position":1,"name":"Accueil","item":"https:\/\/camiliengaille.ch\/"},{"@type":"ListItem","position":2,"name":"Prix vins rouges"}]},{"@type":"WebSite","@id":"https:\/\/camiliengaille.ch\/#website","url":"https:\/\/camiliengaille.ch\/","name":"","description":"","potentialAction":[{"@type":"SearchAction","target":{"@type":"EntryPoint","urlTemplate":"https:\/\/camiliengaille.ch\/?s={search_term_string}"},"query-input":"required name=search_term_string"}],"inLanguage":"de"}]}},"_links":{"self":[{"href":"https:\/\/camiliengaille.ch\/de\/wp-json\/wp\/v2\/pages\/466","targetHints":{"allow":["GET"]}}],"collection":[{"href":"https:\/\/camiliengaille.ch\/de\/wp-json\/wp\/v2\/pages"}],"about":[{"href":"https:\/\/camiliengaille.ch\/de\/wp-json\/wp\/v2\/types\/page"}],"author":[{"embeddable":true,"href":"https:\/\/camiliengaille.ch\/de\/wp-json\/wp\/v2\/users\/6"}],"replies":[{"embeddable":true,"href":"https:\/\/camiliengaille.ch\/de\/wp-json\/wp\/v2\/comments?post=466"}],"version-history":[{"count":21,"href":"https:\/\/camiliengaille.ch\/de\/wp-json\/wp\/v2\/pages\/466\/revisions"}],"predecessor-version":[{"id":730,"href":"https:\/\/camiliengaille.ch\/de\/wp-json\/wp\/v2\/pages\/466\/revisions\/730"}],"wp:attachment":[{"href":"https:\/\/camiliengaille.ch\/de\/wp-json\/wp\/v2\/media?parent=466"}],"curies":[{"name":"wp","href":"https:\/\/api.w.org\/{rel}","templated":true}]}}