{"id":467,"date":"2025-04-08T15:13:40","date_gmt":"2025-04-08T13:13:40","guid":{"rendered":"https:\/\/camiliengaille.ch\/?page_id=467"},"modified":"2025-05-26T15:27:08","modified_gmt":"2025-05-26T13:27:08","slug":"prix-vins-roses","status":"publish","type":"page","link":"https:\/\/camiliengaille.ch\/de\/prix-vins-roses\/","title":{"rendered":"Preise der Roseweine"},"content":{"rendered":"<h1 style=\"text-align: center;\">Entdecken Sie unsere Ros\u00e9weine<\/h1>\n<p><span style=\"\"><img decoding=\"async\" alt=\"\" data-id=\"489\" width=\"292\" data-init-width=\"709\" height=\"486\" data-init-height=\"1181\" title=\"C.Gaille_Les 3 Saisons_50 cl.indd\" src=\"https:\/\/camiliengaille.ch\/wp-content\/uploads\/2025\/04\/Les-3-Saisons_50-cl.jpg\" data-width=\"292\" style=\"aspect-ratio: auto 709 \/ 1181;\" mt-d=\"0\" data-height=\"486\" ml-d=\"0\" loading=\"lazy\"><\/span><\/p>\n<h3>Les 3 Saisons<span style=\"--tcb-applied-color: rgba(255, 255, 255, 0) !important; color: rgba(255, 255, 255, 0) !important;\">LL<\/span><\/h3>\n<p style=\"text-align: left;\">Die Feinheit am Gaumen, die Leichtigkeit und die Frische dieses Ros\u00e9 aus Gamay machen ihn zu einem idealen Begleiter f\u00fcr hei\u00dfe Tage und f\u00fcr den Aperitif zu jeder Zeit !<\/p>\n<ul style=\"\">\n<li style=\"\"><span style=\"\">50 cl : 6.70<\/span><\/li>\n<\/ul>\n<p><span style=\"\"><img decoding=\"async\" alt=\"\" data-id=\"490\" width=\"292\" data-init-width=\"827\" height=\"486\" data-init-height=\"1417\" title=\"C.Gaille_Oeil de Perdrix_75 cl.indd\" src=\"https:\/\/camiliengaille.ch\/wp-content\/uploads\/2025\/04\/Oeil-de-Perdrix_75-cl.jpg\" data-width=\"292\" style=\"aspect-ratio: auto 827 \/ 1417;\" mt-d=\"0\" data-height=\"486\" ml-d=\"0\" loading=\"lazy\"><\/span><\/p>\n<h3>Oeil-de-Perdrix<span style=\"--tcb-applied-color: rgba(255, 255, 255, 0) !important; color: rgba(255, 255, 255, 0) !important;\">LL<\/span><\/h3>\n<p style=\"text-align: left;\">Dieser Ros\u00e9 aus Pinot Noir zeichnet sich durch ein Bouquet reifer roter Fr\u00fcchte aus. Mit seiner lachsfarbenen Robe, seiner Reichhaltigkeit, Finesse und den Aromen des Pinot Noir eignet er sich hervorragend f\u00fcr Aperitifs, Grillgerichte sowie Fischgerichte.<\/p>\n<ul style=\"\">\n<li style=\"\"><span style=\"\">50 cl : 9.50<\/span><\/li>\n<li style=\"\"><span style=\"\">75 cl : 14.50<\/span><\/li>\n<\/ul>\n<h4 style=\"text-align: center;\">Kontaktieren Sie uns, wir stehen Ihnen zur Verf\u00fcgung.<\/h4>\n<p style=\"text-align: center;\">Wir freuen uns, alle Ihre Fragen zu beantworten.<\/p>","protected":false},"excerpt":{"rendered":"<p>D\u00e9couvrir nos ros\u00e9s Les 3 SaisonsLL La finesse en bouche, la l\u00e9g\u00e8ret\u00e9 et la fra\u00eecheur de ce ros\u00e9 de gamay en font un compagnon id\u00e9al pour les grandes chaleurs, et pour l\u2019ap\u00e9ritif en tout temps ! 50 cl : 6.70 &hellip; <\/p>\n<div class=\"read-more\"><a href=\"https:\/\/camiliengaille.ch\/de\/prix-vins-roses\/\" class=\"more-link\">Read More<\/a><\/div>","protected":false},"author":6,"featured_media":0,"parent":0,"menu_order":0,"comment_status":"closed","ping_status":"closed","template":"","meta":{"footnotes":""},"class_list":["post-467","page","type-page","status-publish","hentry","entry"],"yoast_head":"<!-- This site is optimized with the Yoast SEO plugin v20.1 - https:\/\/yoast.com\/wordpress\/plugins\/seo\/ -->\n<title>Prix vins ros\u00e9s -<\/title>\n<meta name=\"robots\" content=\"index, follow, max-snippet:-1, max-image-preview:large, max-video-preview:-1\" \/>\n<link rel=\"canonical\" href=\"https:\/\/camiliengaille.ch\/de\/prix-vins-roses\/\" \/>\n<meta property=\"og:locale\" content=\"de_DE\" \/>\n<meta property=\"og:type\" content=\"article\" \/>\n<meta property=\"og:title\" content=\"Prix vins ros\u00e9s -\" \/>\n<meta property=\"og:description\" content=\"D\u00e9couvrir nos ros\u00e9s Les 3 SaisonsLL La finesse en bouche, la l\u00e9g\u00e8ret\u00e9 et la fra\u00eecheur de ce ros\u00e9 de gamay en font un compagnon id\u00e9al pour les grandes chaleurs, et pour l\u2019ap\u00e9ritif en tout temps ! 50 cl : 6.70 &hellip; Read More\" \/>\n<meta property=\"og:url\" content=\"https:\/\/camiliengaille.ch\/de\/prix-vins-roses\/\" \/>\n<meta property=\"article:modified_time\" content=\"2025-05-26T13:27:08+00:00\" \/>\n<meta property=\"og:image\" content=\"https:\/\/camiliengaille.ch\/wp-content\/uploads\/2025\/04\/Les-3-Saisons_50-cl.jpg\" \/>\n<meta name=\"twitter:card\" content=\"summary_large_image\" \/>\n<meta name=\"twitter:label1\" content=\"Gesch\u00e4tzte Lesezeit\" \/>\n\t<meta name=\"twitter:data1\" content=\"1\u00a0Minute\" \/>\n<script type=\"application\/ld+json\" class=\"yoast-schema-graph\">{\"@context\":\"https:\/\/schema.org\",\"@graph\":[{\"@type\":\"WebPage\",\"@id\":\"https:\/\/camiliengaille.ch\/prix-vins-roses\/\",\"url\":\"https:\/\/camiliengaille.ch\/prix-vins-roses\/\",\"name\":\"Prix vins ros\u00e9s -\",\"isPartOf\":{\"@id\":\"https:\/\/camiliengaille.ch\/#website\"},\"datePublished\":\"2025-04-08T13:13:40+00:00\",\"dateModified\":\"2025-05-26T13:27:08+00:00\",\"breadcrumb\":{\"@id\":\"https:\/\/camiliengaille.ch\/prix-vins-roses\/#breadcrumb\"},\"inLanguage\":\"de\",\"potentialAction\":[{\"@type\":\"ReadAction\",\"target\":[\"https:\/\/camiliengaille.ch\/prix-vins-roses\/\"]}]},{\"@type\":\"BreadcrumbList\",\"@id\":\"https:\/\/camiliengaille.ch\/prix-vins-roses\/#breadcrumb\",\"itemListElement\":[{\"@type\":\"ListItem\",\"position\":1,\"name\":\"Accueil\",\"item\":\"https:\/\/camiliengaille.ch\/\"},{\"@type\":\"ListItem\",\"position\":2,\"name\":\"Prix vins ros\u00e9s\"}]},{\"@type\":\"WebSite\",\"@id\":\"https:\/\/camiliengaille.ch\/#website\",\"url\":\"https:\/\/camiliengaille.ch\/\",\"name\":\"\",\"description\":\"\",\"potentialAction\":[{\"@type\":\"SearchAction\",\"target\":{\"@type\":\"EntryPoint\",\"urlTemplate\":\"https:\/\/camiliengaille.ch\/?s={search_term_string}\"},\"query-input\":\"required name=search_term_string\"}],\"inLanguage\":\"de\"}]}<\/script>\n<!-- \/ Yoast SEO plugin. -->","yoast_head_json":{"title":"Prix vins ros\u00e9s -","robots":{"index":"index","follow":"follow","max-snippet":"max-snippet:-1","max-image-preview":"max-image-preview:large","max-video-preview":"max-video-preview:-1"},"canonical":"https:\/\/camiliengaille.ch\/de\/prix-vins-roses\/","og_locale":"de_DE","og_type":"article","og_title":"Prix vins ros\u00e9s -","og_description":"D\u00e9couvrir nos ros\u00e9s Les 3 SaisonsLL La finesse en bouche, la l\u00e9g\u00e8ret\u00e9 et la fra\u00eecheur de ce ros\u00e9 de gamay en font un compagnon id\u00e9al pour les grandes chaleurs, et pour l\u2019ap\u00e9ritif en tout temps ! 50 cl : 6.70 &hellip; Read More","og_url":"https:\/\/camiliengaille.ch\/de\/prix-vins-roses\/","article_modified_time":"2025-05-26T13:27:08+00:00","og_image":[{"url":"https:\/\/camiliengaille.ch\/wp-content\/uploads\/2025\/04\/Les-3-Saisons_50-cl.jpg"}],"twitter_card":"summary_large_image","twitter_misc":{"Gesch\u00e4tzte Lesezeit":"1\u00a0Minute"},"schema":{"@context":"https:\/\/schema.org","@graph":[{"@type":"WebPage","@id":"https:\/\/camiliengaille.ch\/prix-vins-roses\/","url":"https:\/\/camiliengaille.ch\/prix-vins-roses\/","name":"Prix vins ros\u00e9s -","isPartOf":{"@id":"https:\/\/camiliengaille.ch\/#website"},"datePublished":"2025-04-08T13:13:40+00:00","dateModified":"2025-05-26T13:27:08+00:00","breadcrumb":{"@id":"https:\/\/camiliengaille.ch\/prix-vins-roses\/#breadcrumb"},"inLanguage":"de","potentialAction":[{"@type":"ReadAction","target":["https:\/\/camiliengaille.ch\/prix-vins-roses\/"]}]},{"@type":"BreadcrumbList","@id":"https:\/\/camiliengaille.ch\/prix-vins-roses\/#breadcrumb","itemListElement":[{"@type":"ListItem","position":1,"name":"Accueil","item":"https:\/\/camiliengaille.ch\/"},{"@type":"ListItem","position":2,"name":"Prix vins ros\u00e9s"}]},{"@type":"WebSite","@id":"https:\/\/camiliengaille.ch\/#website","url":"https:\/\/camiliengaille.ch\/","name":"","description":"","potentialAction":[{"@type":"SearchAction","target":{"@type":"EntryPoint","urlTemplate":"https:\/\/camiliengaille.ch\/?s={search_term_string}"},"query-input":"required name=search_term_string"}],"inLanguage":"de"}]}},"_links":{"self":[{"href":"https:\/\/camiliengaille.ch\/de\/wp-json\/wp\/v2\/pages\/467","targetHints":{"allow":["GET"]}}],"collection":[{"href":"https:\/\/camiliengaille.ch\/de\/wp-json\/wp\/v2\/pages"}],"about":[{"href":"https:\/\/camiliengaille.ch\/de\/wp-json\/wp\/v2\/types\/page"}],"author":[{"embeddable":true,"href":"https:\/\/camiliengaille.ch\/de\/wp-json\/wp\/v2\/users\/6"}],"replies":[{"embeddable":true,"href":"https:\/\/camiliengaille.ch\/de\/wp-json\/wp\/v2\/comments?post=467"}],"version-history":[{"count":23,"href":"https:\/\/camiliengaille.ch\/de\/wp-json\/wp\/v2\/pages\/467\/revisions"}],"predecessor-version":[{"id":732,"href":"https:\/\/camiliengaille.ch\/de\/wp-json\/wp\/v2\/pages\/467\/revisions\/732"}],"wp:attachment":[{"href":"https:\/\/camiliengaille.ch\/de\/wp-json\/wp\/v2\/media?parent=467"}],"curies":[{"name":"wp","href":"https:\/\/api.w.org\/{rel}","templated":true}]}}