{"id":470,"date":"2025-04-08T15:11:04","date_gmt":"2025-04-08T13:11:04","guid":{"rendered":"https:\/\/camiliengaille.ch\/?page_id=470"},"modified":"2025-04-10T11:39:52","modified_gmt":"2025-04-10T09:39:52","slug":"contact","status":"publish","type":"page","link":"https:\/\/camiliengaille.ch\/de\/contact\/","title":{"rendered":"Kontakt"},"content":{"rendered":"<h1 style=\"text-align: center;\">Kontakt<\/h1>\n<h5 style=\"text-align: left;\">Nous vous accueillons tous les jours sur rendez-vous afin de vous faire visiter notre cave et d\u00e9guster nos vins.<\/h5>\n<p style=\"text-align: left;\">Nous avons la place pour accueillir des groupes jusqu\u2019\u00e0 25 personnes.<\/p>\n<h5 style=\"\">Kontaktdaten<\/h5>\n<p>Adresse : Rue du Signal 10, 1425 OnnensT\u00e9l\u00e9phone : 079 842 33 78Email : camiliengaille@gmail.com<\/p>\n<h5 style=\"\">Kontaktformular<\/h5>\n<h3 style=\"text-align: center;\">M\u00f6chten Sie unsere Weine entdecken<\/h3>\n<h3 style=\"text-align: center;\">oder eine Bestellung aufgeben ?<\/h3>\n<p style=\"text-align: center;\">Klicken Sie auf die untenstehenden Schaltfl\u00e4chen, um unsere Weine zu entdecken oder um \u00fcber unsere Website zu bestellen.<\/p>\n<p><span><img decoding=\"async\" alt=\"\" data-id=\"219\" width=\"119\" data-init-width=\"119\" height=\"229\" data-init-height=\"229\" title=\"Bookwise_feather01\" src=\"\/\/camiliengaille.ch\/wp-content\/uploads\/tcb_lp_templates\/templates\/css\/images\/Bookwise_feather01.png\" data-width=\"119\" style=\"aspect-ratio: auto 119 \/ 229;\" loading=\"lazy\"><\/span><\/p>\n<p style=\"text-align: center;\">Was die Leute \u00fcber uns sagen<\/p>\n<h2 style=\"text-align: center;\">Die Bewertungen unserer Kunden<\/h2>\n<h6 style=\"\">Wir sind begeistert von unserer Verkostung, man merkt, dass Sie leidenschaftlich bei Ihrem Beruf sind, Sie haben uns einen hervorragenden Empfang bereitet und Ihre Weine sind sehr gut, vielen Dank ! <img decoding=\"async\" role=\"img\" alt=\"\ud83d\ude0a\" src=\"https:\/\/s.w.org\/images\/core\/emoji\/14.0.0\/svg\/1f60a.svg\" loading=\"lazy\">Ich empfehle es ohne jegliche hesitation. <img decoding=\"async\" role=\"img\" alt=\"\ud83d\udc4d\" src=\"https:\/\/s.w.org\/images\/core\/emoji\/14.0.0\/svg\/1f44d.svg\" loading=\"lazy\"><\/h6>\n<p style=\"\">S\u00e9verine E.<\/p>\n<h6 style=\"\">Qualitativer Empfang und sehr gute Weine! Eine sch\u00f6ne Entdeckung.<\/h6>\n<p style=\"\">Joachim Jeanneret, Guide local<\/p>\n<h6 style=\"\">Sehr einladend, Weine von guter Qualit\u00e4t, ein Winzer, den ich ohne zu z\u00f6gern empfehle!<\/h6>\n<p style=\"\">Quentin Frick<\/p>\n<h6 style=\"\">Sehr einladend und gro\u00dfz\u00fcgig ! Weine von guter Qualit\u00e4t. <img decoding=\"async\" role=\"img\" alt=\"\ud83d\udc4d\" src=\"https:\/\/s.w.org\/images\/core\/emoji\/14.0.0\/svg\/1f44d.svg\" loading=\"lazy\"><img decoding=\"async\" role=\"img\" alt=\"\ud83d\ude0a\" src=\"https:\/\/s.w.org\/images\/core\/emoji\/14.0.0\/svg\/1f60a.svg\" loading=\"lazy\"><\/h6>\n<p style=\"\">Miriam m\u00fcller<\/p>","protected":false},"excerpt":{"rendered":"<p>Contact Nous vous accueillons tous les jours sur rendez-vous afin de vous faire visiter notre cave et d\u00e9guster nos vins. Nous avons la place pour accueillir des groupes jusqu\u2019\u00e0 25 personnes. Coordonn\u00e9es Adresse : Rue du Signal 10, 1425 OnnensT\u00e9l\u00e9phone &hellip; <\/p>\n<div class=\"read-more\"><a href=\"https:\/\/camiliengaille.ch\/de\/contact\/\" class=\"more-link\">Read More<\/a><\/div>","protected":false},"author":6,"featured_media":0,"parent":0,"menu_order":0,"comment_status":"closed","ping_status":"closed","template":"","meta":{"footnotes":""},"class_list":["post-470","page","type-page","status-publish","hentry","entry"],"yoast_head":"<!-- This site is optimized with the Yoast SEO plugin v20.1 - https:\/\/yoast.com\/wordpress\/plugins\/seo\/ -->\n<title>Contact -<\/title>\n<meta name=\"robots\" content=\"index, follow, max-snippet:-1, max-image-preview:large, max-video-preview:-1\" \/>\n<link rel=\"canonical\" href=\"https:\/\/camiliengaille.ch\/de\/contact\/\" \/>\n<meta property=\"og:locale\" content=\"de_DE\" \/>\n<meta property=\"og:type\" content=\"article\" \/>\n<meta property=\"og:title\" content=\"Contact -\" \/>\n<meta property=\"og:description\" content=\"Contact Nous vous accueillons tous les jours sur rendez-vous afin de vous faire visiter notre cave et d\u00e9guster nos vins. Nous avons la place pour accueillir des groupes jusqu\u2019\u00e0 25 personnes. Coordonn\u00e9es Adresse : Rue du Signal 10, 1425 OnnensT\u00e9l\u00e9phone &hellip; Read More\" \/>\n<meta property=\"og:url\" content=\"https:\/\/camiliengaille.ch\/de\/contact\/\" \/>\n<meta property=\"article:modified_time\" content=\"2025-04-10T09:39:52+00:00\" \/>\n<meta property=\"og:image\" content=\"https:\/\/s.w.org\/images\/core\/emoji\/14.0.0\/svg\/1f60a.svg\" \/>\n<meta name=\"twitter:card\" content=\"summary_large_image\" \/>\n<meta name=\"twitter:label1\" content=\"Gesch\u00e4tzte Lesezeit\" \/>\n\t<meta name=\"twitter:data1\" content=\"2\u00a0Minuten\" \/>\n<script type=\"application\/ld+json\" class=\"yoast-schema-graph\">{\"@context\":\"https:\/\/schema.org\",\"@graph\":[{\"@type\":\"WebPage\",\"@id\":\"https:\/\/camiliengaille.ch\/contact\/\",\"url\":\"https:\/\/camiliengaille.ch\/contact\/\",\"name\":\"Contact -\",\"isPartOf\":{\"@id\":\"https:\/\/camiliengaille.ch\/#website\"},\"datePublished\":\"2025-04-08T13:11:04+00:00\",\"dateModified\":\"2025-04-10T09:39:52+00:00\",\"breadcrumb\":{\"@id\":\"https:\/\/camiliengaille.ch\/contact\/#breadcrumb\"},\"inLanguage\":\"de\",\"potentialAction\":[{\"@type\":\"ReadAction\",\"target\":[\"https:\/\/camiliengaille.ch\/contact\/\"]}]},{\"@type\":\"BreadcrumbList\",\"@id\":\"https:\/\/camiliengaille.ch\/contact\/#breadcrumb\",\"itemListElement\":[{\"@type\":\"ListItem\",\"position\":1,\"name\":\"Accueil\",\"item\":\"https:\/\/camiliengaille.ch\/\"},{\"@type\":\"ListItem\",\"position\":2,\"name\":\"Contact\"}]},{\"@type\":\"WebSite\",\"@id\":\"https:\/\/camiliengaille.ch\/#website\",\"url\":\"https:\/\/camiliengaille.ch\/\",\"name\":\"\",\"description\":\"\",\"potentialAction\":[{\"@type\":\"SearchAction\",\"target\":{\"@type\":\"EntryPoint\",\"urlTemplate\":\"https:\/\/camiliengaille.ch\/?s={search_term_string}\"},\"query-input\":\"required name=search_term_string\"}],\"inLanguage\":\"de\"}]}<\/script>\n<!-- \/ Yoast SEO plugin. -->","yoast_head_json":{"title":"Contact -","robots":{"index":"index","follow":"follow","max-snippet":"max-snippet:-1","max-image-preview":"max-image-preview:large","max-video-preview":"max-video-preview:-1"},"canonical":"https:\/\/camiliengaille.ch\/de\/contact\/","og_locale":"de_DE","og_type":"article","og_title":"Contact -","og_description":"Contact Nous vous accueillons tous les jours sur rendez-vous afin de vous faire visiter notre cave et d\u00e9guster nos vins. Nous avons la place pour accueillir des groupes jusqu\u2019\u00e0 25 personnes. Coordonn\u00e9es Adresse : Rue du Signal 10, 1425 OnnensT\u00e9l\u00e9phone &hellip; Read More","og_url":"https:\/\/camiliengaille.ch\/de\/contact\/","article_modified_time":"2025-04-10T09:39:52+00:00","og_image":[{"url":"https:\/\/s.w.org\/images\/core\/emoji\/14.0.0\/svg\/1f60a.svg"}],"twitter_card":"summary_large_image","twitter_misc":{"Gesch\u00e4tzte Lesezeit":"2\u00a0Minuten"},"schema":{"@context":"https:\/\/schema.org","@graph":[{"@type":"WebPage","@id":"https:\/\/camiliengaille.ch\/contact\/","url":"https:\/\/camiliengaille.ch\/contact\/","name":"Contact -","isPartOf":{"@id":"https:\/\/camiliengaille.ch\/#website"},"datePublished":"2025-04-08T13:11:04+00:00","dateModified":"2025-04-10T09:39:52+00:00","breadcrumb":{"@id":"https:\/\/camiliengaille.ch\/contact\/#breadcrumb"},"inLanguage":"de","potentialAction":[{"@type":"ReadAction","target":["https:\/\/camiliengaille.ch\/contact\/"]}]},{"@type":"BreadcrumbList","@id":"https:\/\/camiliengaille.ch\/contact\/#breadcrumb","itemListElement":[{"@type":"ListItem","position":1,"name":"Accueil","item":"https:\/\/camiliengaille.ch\/"},{"@type":"ListItem","position":2,"name":"Contact"}]},{"@type":"WebSite","@id":"https:\/\/camiliengaille.ch\/#website","url":"https:\/\/camiliengaille.ch\/","name":"","description":"","potentialAction":[{"@type":"SearchAction","target":{"@type":"EntryPoint","urlTemplate":"https:\/\/camiliengaille.ch\/?s={search_term_string}"},"query-input":"required name=search_term_string"}],"inLanguage":"de"}]}},"_links":{"self":[{"href":"https:\/\/camiliengaille.ch\/de\/wp-json\/wp\/v2\/pages\/470","targetHints":{"allow":["GET"]}}],"collection":[{"href":"https:\/\/camiliengaille.ch\/de\/wp-json\/wp\/v2\/pages"}],"about":[{"href":"https:\/\/camiliengaille.ch\/de\/wp-json\/wp\/v2\/types\/page"}],"author":[{"embeddable":true,"href":"https:\/\/camiliengaille.ch\/de\/wp-json\/wp\/v2\/users\/6"}],"replies":[{"embeddable":true,"href":"https:\/\/camiliengaille.ch\/de\/wp-json\/wp\/v2\/comments?post=470"}],"version-history":[{"count":19,"href":"https:\/\/camiliengaille.ch\/de\/wp-json\/wp\/v2\/pages\/470\/revisions"}],"predecessor-version":[{"id":693,"href":"https:\/\/camiliengaille.ch\/de\/wp-json\/wp\/v2\/pages\/470\/revisions\/693"}],"wp:attachment":[{"href":"https:\/\/camiliengaille.ch\/de\/wp-json\/wp\/v2\/media?parent=470"}],"curies":[{"name":"wp","href":"https:\/\/api.w.org\/{rel}","templated":true}]}}