{"id":476,"date":"2025-04-08T12:48:34","date_gmt":"2025-04-08T10:48:34","guid":{"rendered":"https:\/\/camiliengaille.ch\/?page_id=476"},"modified":"2025-04-10T15:00:12","modified_gmt":"2025-04-10T13:00:12","slug":"commander","status":"publish","type":"page","link":"https:\/\/camiliengaille.ch\/de\/commander\/","title":{"rendered":"Bestellen"},"content":{"rendered":"<h1 style=\"text-align: center;\">Bestellen<\/h1><h5 style=\"text-align: left;\">M\u00f6chten Sie unsere Weine entdecken, bevor Sie eine Bestellung aufgeben ?<\/h5><p style=\"text-align: left;\">Klicken Sie auf den Button unten, um unsere Wei\u00dfweine, Ros\u00e9weine oder Rotweine zu entdecken.<\/p>Nos bouteilles sont conditionn\u00e9es en carton de 6 pour les 70 et 75 cl et en carton de 15 pour les 50 cl. Cependant, vous pouvez \u00e9galement les commander \u00e0 l&rsquo;unit\u00e9 (1,2,3&#8230; bouteilles) sans aucun soucis.<p>PhoneLa Brant\u00e9e 70 cl \u00e0 9.50123456789101112131415161718192021222324252627282930313233343536373839404142434445464748La Chassagne 70 cl \u00e0 12.-123456789101112131415161718192021222324252627282930313233343536373839404142434445464748Charmont 75 cl \u00e0 12.-123456789101112131415161718192021222324252627282930313233343536373839404142434445464748Pinot Blanc 75 cl \u00e0 14.50123456789101112131415161718192021222324252627282930313233343536373839404142434445464748La Brant\u00e9e 50 cl \u00e0 6.70123456789101112131415161718192021222324252627282930313233343536373839404142434445464748La Chassagne 50 cl \u00e0 8.50123456789101112131415161718192021222324252627282930313233343536373839404142434445464748Charmont 50 cl \u00e0 8.50123456789101112131415161718192021222324252627282930313233343536373839404142434445464748Pinot Blanc 50 cl \u00e0 9.50123456789101112131415161718192021222324252627282930313233343536373839404142434445464748Passe Muraille 50 cl \u00e0 11.-123456789101112131415161718192021222324252627282930313233343536373839404142434445464748Oeil-de-Perdrix 75 cl \u00e0 14.50123456789101112131415161718192021222324252627282930313233343536373839404142434445464748Oeil-de-Perdrix 50 cl \u00e0 9.50123456789101112131415161718192021222324252627282930313233343536373839404142434445464748Les 3 Saisons 50 cl \u00e0 6.70123456789101112131415161718192021222324252627282930313233343536373839404142434445464748Le T\u00e9m\u00e9raire 75 cl \u00e0 10.50123456789101112131415161718192021222324252627282930313233343536373839404142434445464748Sur-Les-Chaux 75 cl \u00e0 14.50123456789101112131415161718192021222324252627282930313233343536373839404142434445464748Ros Solis 75 cl \u00e0 25.-123456789101112131415161718192021222324252627282930313233343536373839404142434445464748Les D\u00e9racin\u00e9s 70 cl \u00e0 21.-123456789101112131415161718192021222324252627282930313233343536373839404142434445464748Sur-Les-Chaux Barrique 75 cl \u00e0 20.-123456789101112131415161718192021222324252627282930313233343536373839404142434445464748Le T\u00e9m\u00e9raire 50 cl \u00e0 7.20123456789101112131415161718192021222324252627282930313233343536373839404142434445464748Sur-Les-Chaux 50 cl \u00e0 9.50123456789101112131415161718192021222324252627282930313233343536373839404142434445464748Ros Solis 50 cl \u00e0 17.-123456789101112131415161718192021222324252627282930313233343536373839404142434445464748Les D\u00e9racin\u00e9s 50 cl \u00e0 15.-123456789101112131415161718192021222324252627282930313233343536373839404142434445464748Blanc de Blanc Brut 75 cl \u00e0 24.-123456789101112131415161718192021222324252627282930313233343536373839404142434445464748Or d&rsquo;Automne 37.5 cl \u00e0 21.-123456789101112131415161718192021222324252627282930313233343536373839404142434445464748Nom, pr\u00e9nom <span aria-hidden=\"true\" role=\"presentation\" style=\"color:#ee0000;\">*<\/span>Adresse <span aria-hidden=\"true\" role=\"presentation\" style=\"color:#ee0000;\">*<\/span>Localit\u00e9 <span aria-hidden=\"true\" role=\"presentation\" style=\"color:#ee0000;\">*<\/span>Email <span aria-hidden=\"true\" role=\"presentation\" style=\"color:#ee0000;\">*<\/span>T\u00e9l\u00e9phone <span aria-hidden=\"true\" role=\"presentation\" style=\"color:#ee0000;\">*<\/span>Si vous souhaitez une date de livraison ult\u00e9rieure \u00e0 nos d\u00e9lais de livraisons, veuillez la pr\u00e9ciser ici.Total<h3 aria-labelledby=\"fld_8997460Label\">Gesamt:<span id=\"fld_8997460_1\" data-calc-display=\"fld_8997460_1-value\"><\/span><\/h3><\/p><p>\u00a0<\/p><p><\/p><p>\u00a0<\/p><p><\/p>Des frais de livraison sont \u00e0 pr\u00e9voir.Nos d\u00e9lais de livraison sont de 4 jours ouvr\u00e9s.<span><img decoding=\"async\" alt=\"\" data-id=\"219\" width=\"119\" data-init-width=\"119\" height=\"229\" data-init-height=\"229\" title=\"Bookwise_feather01\" src=\"\/\/camiliengaille.ch\/wp-content\/uploads\/tcb_lp_templates\/templates\/css\/images\/Bookwise_feather01.png\" data-width=\"119\" style=\"aspect-ratio: auto 119 \/ 229;\" loading=\"lazy\"><\/span><p style=\"text-align: center;\">Was die Leute \u00fcber uns sagen<\/p><h2 style=\"text-align: center;\">Die Bewertungen unserer Kunden<\/h2><h6 style=\"\">Wir sind begeistert von unserer Verkostung, man merkt, dass Sie leidenschaftlich bei Ihrem Beruf sind, Sie haben uns einen hervorragenden Empfang bereitet und Ihre Weine sind sehr gut, vielen Dank ! <img decoding=\"async\" role=\"img\" alt=\"\ud83d\ude0a\" src=\"https:\/\/s.w.org\/images\/core\/emoji\/14.0.0\/svg\/1f60a.svg\" loading=\"lazy\">Ich empfehle es ohne jegliche hesitation. <img decoding=\"async\" role=\"img\" alt=\"\ud83d\udc4d\" src=\"https:\/\/s.w.org\/images\/core\/emoji\/14.0.0\/svg\/1f44d.svg\" loading=\"lazy\"><\/h6><p style=\"\">S\u00e9verine E.<\/p><h6 style=\"\">Qualitativer Empfang und sehr gute Weine! Eine sch\u00f6ne Entdeckung.<\/h6><p style=\"\">Joachim Jeanneret, Guide local<\/p><h6 style=\"\">Sehr einladend, Weine von guter Qualit\u00e4t, ein Winzer, den ich ohne zu z\u00f6gern empfehle!<\/h6><p style=\"\">Quentin Frick<\/p><h6 style=\"\">Sehr einladend und gro\u00dfz\u00fcgig ! Weine von guter Qualit\u00e4t. <img decoding=\"async\" role=\"img\" alt=\"\ud83d\udc4d\" src=\"https:\/\/s.w.org\/images\/core\/emoji\/14.0.0\/svg\/1f44d.svg\" loading=\"lazy\"><img decoding=\"async\" role=\"img\" alt=\"\ud83d\ude0a\" src=\"https:\/\/s.w.org\/images\/core\/emoji\/14.0.0\/svg\/1f60a.svg\" loading=\"lazy\"><\/h6><p style=\"\">Miriam m\u00fcller<\/p><h4 style=\"text-align: center;\">Kontaktieren Sie uns, wir stehen Ihnen zur Verf\u00fcgung.<\/h4><p style=\"text-align: center;\">Wir freuen uns, alle Ihre Fragen zu beantworten.<\/p>","protected":false},"excerpt":{"rendered":"<p>Commander Vous souhaitez d\u00e9couvrir nos vins avant de passer commande ? Cliquez sur le bouton ci-dessous pour d\u00e9couvrir nos vin blancs, ros\u00e9s ou rouges. Nos bouteilles sont conditionn\u00e9es en carton de 6 pour les 70 et 75 cl et en &hellip; <\/p>\n<div class=\"read-more\"><a href=\"https:\/\/camiliengaille.ch\/de\/commander\/\" class=\"more-link\">Read More<\/a><\/div>","protected":false},"author":6,"featured_media":0,"parent":0,"menu_order":0,"comment_status":"closed","ping_status":"closed","template":"","meta":{"footnotes":""},"class_list":["post-476","page","type-page","status-publish","hentry","entry"],"yoast_head":"<!-- This site is optimized with the Yoast SEO plugin v20.1 - https:\/\/yoast.com\/wordpress\/plugins\/seo\/ -->\n<title>Commander -<\/title>\n<meta name=\"robots\" content=\"index, follow, max-snippet:-1, max-image-preview:large, max-video-preview:-1\" \/>\n<link rel=\"canonical\" href=\"https:\/\/camiliengaille.ch\/de\/commander\/\" \/>\n<meta property=\"og:locale\" content=\"de_DE\" \/>\n<meta property=\"og:type\" content=\"article\" \/>\n<meta property=\"og:title\" content=\"Commander -\" \/>\n<meta property=\"og:description\" content=\"Commander Vous souhaitez d\u00e9couvrir nos vins avant de passer commande ? Cliquez sur le bouton ci-dessous pour d\u00e9couvrir nos vin blancs, ros\u00e9s ou rouges. Nos bouteilles sont conditionn\u00e9es en carton de 6 pour les 70 et 75 cl et en &hellip; Read More\" \/>\n<meta property=\"og:url\" content=\"https:\/\/camiliengaille.ch\/de\/commander\/\" \/>\n<meta property=\"article:modified_time\" content=\"2025-04-10T13:00:12+00:00\" \/>\n<meta property=\"og:image\" content=\"https:\/\/s.w.org\/images\/core\/emoji\/14.0.0\/svg\/1f60a.svg\" \/>\n<meta name=\"twitter:card\" content=\"summary_large_image\" \/>\n<meta name=\"twitter:label1\" content=\"Gesch\u00e4tzte Lesezeit\" \/>\n\t<meta name=\"twitter:data1\" content=\"3\u00a0Minuten\" \/>\n<script type=\"application\/ld+json\" class=\"yoast-schema-graph\">{\"@context\":\"https:\/\/schema.org\",\"@graph\":[{\"@type\":\"WebPage\",\"@id\":\"https:\/\/camiliengaille.ch\/commander\/\",\"url\":\"https:\/\/camiliengaille.ch\/commander\/\",\"name\":\"Commander -\",\"isPartOf\":{\"@id\":\"https:\/\/camiliengaille.ch\/#website\"},\"datePublished\":\"2025-04-08T10:48:34+00:00\",\"dateModified\":\"2025-04-10T13:00:12+00:00\",\"breadcrumb\":{\"@id\":\"https:\/\/camiliengaille.ch\/commander\/#breadcrumb\"},\"inLanguage\":\"de\",\"potentialAction\":[{\"@type\":\"ReadAction\",\"target\":[\"https:\/\/camiliengaille.ch\/commander\/\"]}]},{\"@type\":\"BreadcrumbList\",\"@id\":\"https:\/\/camiliengaille.ch\/commander\/#breadcrumb\",\"itemListElement\":[{\"@type\":\"ListItem\",\"position\":1,\"name\":\"Accueil\",\"item\":\"https:\/\/camiliengaille.ch\/\"},{\"@type\":\"ListItem\",\"position\":2,\"name\":\"Commander\"}]},{\"@type\":\"WebSite\",\"@id\":\"https:\/\/camiliengaille.ch\/#website\",\"url\":\"https:\/\/camiliengaille.ch\/\",\"name\":\"\",\"description\":\"\",\"potentialAction\":[{\"@type\":\"SearchAction\",\"target\":{\"@type\":\"EntryPoint\",\"urlTemplate\":\"https:\/\/camiliengaille.ch\/?s={search_term_string}\"},\"query-input\":\"required name=search_term_string\"}],\"inLanguage\":\"de\"}]}<\/script>\n<!-- \/ Yoast SEO plugin. -->","yoast_head_json":{"title":"Commander -","robots":{"index":"index","follow":"follow","max-snippet":"max-snippet:-1","max-image-preview":"max-image-preview:large","max-video-preview":"max-video-preview:-1"},"canonical":"https:\/\/camiliengaille.ch\/de\/commander\/","og_locale":"de_DE","og_type":"article","og_title":"Commander -","og_description":"Commander Vous souhaitez d\u00e9couvrir nos vins avant de passer commande ? Cliquez sur le bouton ci-dessous pour d\u00e9couvrir nos vin blancs, ros\u00e9s ou rouges. Nos bouteilles sont conditionn\u00e9es en carton de 6 pour les 70 et 75 cl et en &hellip; Read More","og_url":"https:\/\/camiliengaille.ch\/de\/commander\/","article_modified_time":"2025-04-10T13:00:12+00:00","og_image":[{"url":"https:\/\/s.w.org\/images\/core\/emoji\/14.0.0\/svg\/1f60a.svg"}],"twitter_card":"summary_large_image","twitter_misc":{"Gesch\u00e4tzte Lesezeit":"3\u00a0Minuten"},"schema":{"@context":"https:\/\/schema.org","@graph":[{"@type":"WebPage","@id":"https:\/\/camiliengaille.ch\/commander\/","url":"https:\/\/camiliengaille.ch\/commander\/","name":"Commander -","isPartOf":{"@id":"https:\/\/camiliengaille.ch\/#website"},"datePublished":"2025-04-08T10:48:34+00:00","dateModified":"2025-04-10T13:00:12+00:00","breadcrumb":{"@id":"https:\/\/camiliengaille.ch\/commander\/#breadcrumb"},"inLanguage":"de","potentialAction":[{"@type":"ReadAction","target":["https:\/\/camiliengaille.ch\/commander\/"]}]},{"@type":"BreadcrumbList","@id":"https:\/\/camiliengaille.ch\/commander\/#breadcrumb","itemListElement":[{"@type":"ListItem","position":1,"name":"Accueil","item":"https:\/\/camiliengaille.ch\/"},{"@type":"ListItem","position":2,"name":"Commander"}]},{"@type":"WebSite","@id":"https:\/\/camiliengaille.ch\/#website","url":"https:\/\/camiliengaille.ch\/","name":"","description":"","potentialAction":[{"@type":"SearchAction","target":{"@type":"EntryPoint","urlTemplate":"https:\/\/camiliengaille.ch\/?s={search_term_string}"},"query-input":"required name=search_term_string"}],"inLanguage":"de"}]}},"_links":{"self":[{"href":"https:\/\/camiliengaille.ch\/de\/wp-json\/wp\/v2\/pages\/476","targetHints":{"allow":["GET"]}}],"collection":[{"href":"https:\/\/camiliengaille.ch\/de\/wp-json\/wp\/v2\/pages"}],"about":[{"href":"https:\/\/camiliengaille.ch\/de\/wp-json\/wp\/v2\/types\/page"}],"author":[{"embeddable":true,"href":"https:\/\/camiliengaille.ch\/de\/wp-json\/wp\/v2\/users\/6"}],"replies":[{"embeddable":true,"href":"https:\/\/camiliengaille.ch\/de\/wp-json\/wp\/v2\/comments?post=476"}],"version-history":[{"count":24,"href":"https:\/\/camiliengaille.ch\/de\/wp-json\/wp\/v2\/pages\/476\/revisions"}],"predecessor-version":[{"id":717,"href":"https:\/\/camiliengaille.ch\/de\/wp-json\/wp\/v2\/pages\/476\/revisions\/717"}],"wp:attachment":[{"href":"https:\/\/camiliengaille.ch\/de\/wp-json\/wp\/v2\/media?parent=476"}],"curies":[{"name":"wp","href":"https:\/\/api.w.org\/{rel}","templated":true}]}}