{"id":564,"date":"2025-04-09T08:40:47","date_gmt":"2025-04-09T06:40:47","guid":{"rendered":"https:\/\/camiliengaille.ch\/?page_id=564"},"modified":"2025-04-10T12:31:37","modified_gmt":"2025-04-10T10:31:37","slug":"notre-domaine-2","status":"publish","type":"page","link":"https:\/\/camiliengaille.ch\/de\/notre-domaine-2\/","title":{"rendered":"Unser Weingut"},"content":{"rendered":"<h1 style=\"text-align: center;\">Unser Weingut<\/h1>\n<p><span style=\"\"><img decoding=\"async\" alt=\"\" data-id=\"416\" width=\"615\" data-init-width=\"960\" height=\"615\" data-init-height=\"960\" title=\"pexels-pixabay-39511\" src=\"https:\/\/camiliengaille.ch\/wp-content\/uploads\/2025\/04\/pexels-pixabay-39511.jpg\" data-width=\"615\" style=\"aspect-ratio: auto 960 \/ 960;\" mt-d=\"0\" data-height=\"615\" ml-d=\"0\" center-h-d=\"false\" ml-t=\"0\" mt-t=\"-120\" center-v-t=\"false\" mt-m=\"-64.219\" ml-m=\"0\" loading=\"lazy\"><\/span><\/p>\n<h3 style=\"\">Unser Weingut \u2026<\/h3>\n<p dir=\"ltr\" style=\"\">Der Grossteil unserer 9 Hektaren umfassenden Rebberge liegt in der Gemeinde Onnens. Wir bearbeiten jedoch auch Parzellen in den Nachbargemeinden zwischen Grandson und Concise. Da sowohl die B\u00f6den als auch das Mikro-Klima in den einzelnen Rebbergen sehr variieren, k\u00f6nnen wir Ihnen eine grosse Palette von Weinen mit unterschiedlichen Charakteristiken anbieten.<\/p>\n<p dir=\"ltr\" style=\"\">Neben den traditionellen Rot- und Weisswein-sorten, also Pinot Noir, Gamay und Chasselas, bauen wir auch Rebsorten an, die in der Romandie typisch sind: den Gamaret, den Garanoir und den seltenen Charmont. Hinzu kommen \u00abausgefallenere\u00bb jedoch wohlbekannte Rebsorten, wie der Merlot, der Cabernet und der Gew\u00fcrztraminer. Alles in allem bauen wir mit Trauben von 12 Rebsorten exzellente Weine aus.<\/p>\n<p><span>Wir sind bestrebt, die spezifischen Charaktere der verschiedenen Rebsorten zum Ausdruck zu bringen. Die Mehrzahl unserer 13 Weine, die Ihrem Gaumen Freude machen, sind denn auch sortenrein ausgebaut. Allerdings, bei den Rotweinen wird die Assemblage von zwei Rebsorten hochgesch\u00e4tzt: Unser T\u00e9m\u00e9raire, der D\u00e9racin\u00e9s und der Ros Solis werden Sie davon \u00fcberzeugen !<\/span><\/p>\n<h3 style=\"\">\u2026<span> <span>ist von der Natur und der Geschichte gepr\u00e4gt<\/span><\/span><\/h3>\n<p style=\"\"><span>Unsere in wundersch\u00f6ner Natur eingebettete Domaine liegt in einem geschichtstr\u00e4chtigen Gebiet.<\/span><\/p>\n<p style=\"\"><span><span><\/span><\/span><\/p>\n<p dir=\"ltr\" style=\"\"><span><span><span>In unserer Arbeit tragen wir Sorge zu diesem Erbe durch die F\u00f6rderung der Biodiversit\u00e4t, indem wir inmitten unserer Parzellen Brutk\u00e4sten aufstellen und Zufluchts-Biotope anlegen, sowie durch einen umweltschonenden Rebbau (Begr\u00fcnung, Einsatz von Pflanzenschutzmitteln in sehr geringen Mengen \u2026)<\/span><span>.<\/span><\/span><\/span><\/p>\n<p dir=\"ltr\" style=\"\"><span><span>\u00abLa Chassagne\u00bb von Onnens ist ein einzigartiges Reservat mit einer Fauna und Flora, die Naturfreunde aus der ganzen Schweiz anzieht. Dank den Brutk\u00e4sten in unseren Winzerh\u00e4uschen erfreut uns das ganze Fr\u00fchjahr hindurch der Gesang des Wiedehopfs bei unserer Arbeit. Dieser wundersch\u00f6ne Vogle hat allerdings den Nachteil, dass er die anderen zu vertreiben versucht: den Neunt\u00f6ter, den Goldammer, den Zaunammer, den Bluth\u00e4nflin und das Schwarzkehlchen. Im Gegensatz dazu, bewegen sich die Reptilien ganz diskret frei zwischen den Reben und den Str\u00e4uchern. Hier begegnen wir der Smaragd- und der Mauer-Eidechse, der Schlingnatter und der gelbgr\u00fcnen Zornmatter. Die manchmal gef\u00fcrchtete Aspisviper treffen wir h\u00f6chst selten in der N\u00e4he eines Rebstocks an. Sie hat uns jedoch noch nie Probleme bescher<\/span><span>t<\/span> <span>.<\/span><\/span><\/p>\n<p data-end=\"1756\" data-start=\"1287\" style=\"\">Praz-Berthoud ist f\u00fcr Arch\u00e4ologen, die sich f\u00fcr die Urgeschichte interessieren, zum Massstab geworden (https:\/\/archeodunum.com\/Notice site\/Onnens-361\/). Dieser Ort wurde w\u00e4hrend den vielen tausend Jahren nach dem R\u00fcckgang der Gletscher aufgesucht. Davon bleibt nur noch ein Dolmen (einer der wenigen in der Schweiz) aus diesem langen Zeitraum, aber die Nutzung des Gesteins f\u00fcr die Erstellung von Bauten ist geblieben. Wir sind stolz, dass wir solche Steine restauriert und damit eine der sch\u00f6nsten Trockenmauern und diesem Rebhang errichtet haben.<\/p>\n<p><span style=\"\"><img decoding=\"async\" alt=\"\" data-id=\"420\" width=\"615\" data-init-width=\"1920\" height=\"615\" data-init-height=\"2560\" title=\"spacedezert-1peVXI5UJnI-unsplash\" src=\"https:\/\/camiliengaille.ch\/wp-content\/uploads\/2025\/04\/spacedezert-1peVXI5UJnI-unsplash-scaled.jpg\" data-width=\"615\" style=\"aspect-ratio: auto 1920 \/ 2560;\" mt-d=\"0\" data-height=\"615\" ml-d=\"0\" center-h-d=\"false\" ml-t=\"0\" mt-t=\"-294\" center-v-t=\"false\" mt-m=\"-103\" ml-m=\"0\" center-v-m=\"false\" loading=\"lazy\"><\/span><\/p>\n<h5 style=\"text-align: left;\">Nous vous accueillons tous les jours sur rendez-vous afin de vous faire visiter notre cave et d\u00e9guster nos vins.<\/h5>\n<p style=\"text-align: left;\">Nous avons la place pour accueillir des groupes jusqu\u2019\u00e0 25 personnes.<\/p>\n<h3 style=\"text-align: center;\">M\u00f6chten Sie unsere Weine entdecken<\/h3>\n<h3 style=\"text-align: center;\">oder eine Bestellung aufgeben ?<\/h3>\n<p style=\"text-align: center;\">Klicken Sie auf die untenstehenden Schaltfl\u00e4chen, um unsere Weine zu entdecken oder um \u00fcber unsere Website zu bestellen.<\/p>\n<p><span><img decoding=\"async\" alt=\"\" data-id=\"219\" width=\"119\" data-init-width=\"119\" height=\"229\" data-init-height=\"229\" title=\"Bookwise_feather01\" src=\"\/\/camiliengaille.ch\/wp-content\/uploads\/tcb_lp_templates\/templates\/css\/images\/Bookwise_feather01.png\" data-width=\"119\" style=\"aspect-ratio: auto 119 \/ 229;\" loading=\"lazy\"><\/span><\/p>\n<p style=\"text-align: center;\">Was die Leute \u00fcber uns sagen<\/p>\n<h2 style=\"text-align: center;\">Die Bewertungen unserer Kunden<\/h2>\n<h6 style=\"\">Wir sind begeistert von unserer Verkostung, man merkt, dass Sie leidenschaftlich bei Ihrem Beruf sind, Sie haben uns einen hervorragenden Empfang bereitet und Ihre Weine sind sehr gut, vielen Dank ! <img decoding=\"async\" role=\"img\" alt=\"\ud83d\ude0a\" src=\"https:\/\/s.w.org\/images\/core\/emoji\/14.0.0\/svg\/1f60a.svg\" loading=\"lazy\">Ich empfehle es ohne jegliche hesitation. <img decoding=\"async\" role=\"img\" alt=\"\ud83d\udc4d\" src=\"https:\/\/s.w.org\/images\/core\/emoji\/14.0.0\/svg\/1f44d.svg\" loading=\"lazy\"><\/h6>\n<p style=\"\">S\u00e9verine E.<\/p>\n<h6 style=\"\">Qualitativer Empfang und sehr gute Weine! Eine sch\u00f6ne Entdeckung.<\/h6>\n<p style=\"\">Joachim Jeanneret, Guide local<\/p>\n<h6 style=\"\">Sehr einladend, Weine von guter Qualit\u00e4t, ein Winzer, den ich ohne zu z\u00f6gern empfehle!<\/h6>\n<p style=\"\">Quentin Frick<\/p>\n<h6 style=\"\">Sehr einladend und gro\u00dfz\u00fcgig ! Weine von guter Qualit\u00e4t. <img decoding=\"async\" role=\"img\" alt=\"\ud83d\udc4d\" src=\"https:\/\/s.w.org\/images\/core\/emoji\/14.0.0\/svg\/1f44d.svg\" loading=\"lazy\"><img decoding=\"async\" role=\"img\" alt=\"\ud83d\ude0a\" src=\"https:\/\/s.w.org\/images\/core\/emoji\/14.0.0\/svg\/1f60a.svg\" loading=\"lazy\"><\/h6>\n<p style=\"\">Miriam m\u00fcller<\/p>\n<h4 style=\"text-align: center;\">Kontaktieren Sie uns, wir stehen Ihnen zur Verf\u00fcgung.<\/h4>\n<p style=\"text-align: center;\">Wir freuen uns, alle Ihre Fragen zu beantworten.<\/p>","protected":false},"excerpt":{"rendered":"<p>Notre domaine Notre domaine \u2026 L\u2019essentiel des 9 hectares de vignes que nous cultivons est situ\u00e9 sur la commune d\u2019Onnens, mais nous poss\u00e9dons aussi quelques parchets dans les villages voisins, entre Grandson et Concise. Des terroirs et des microclimats tr\u00e8s &hellip; <\/p>\n<div class=\"read-more\"><a href=\"https:\/\/camiliengaille.ch\/de\/notre-domaine-2\/\" class=\"more-link\">Read More<\/a><\/div>","protected":false},"author":6,"featured_media":0,"parent":0,"menu_order":0,"comment_status":"closed","ping_status":"closed","template":"","meta":{"footnotes":""},"class_list":["post-564","page","type-page","status-publish","hentry","entry"],"yoast_head":"<!-- This site is optimized with the Yoast SEO plugin v20.1 - https:\/\/yoast.com\/wordpress\/plugins\/seo\/ -->\n<title>Notre domaine -<\/title>\n<meta name=\"robots\" content=\"index, follow, max-snippet:-1, max-image-preview:large, max-video-preview:-1\" \/>\n<link rel=\"canonical\" href=\"https:\/\/camiliengaille.ch\/de\/notre-domaine-2\/\" \/>\n<meta property=\"og:locale\" content=\"de_DE\" \/>\n<meta property=\"og:type\" content=\"article\" \/>\n<meta property=\"og:title\" content=\"Notre domaine -\" \/>\n<meta property=\"og:description\" content=\"Notre domaine Notre domaine \u2026 L\u2019essentiel des 9 hectares de vignes que nous cultivons est situ\u00e9 sur la commune d\u2019Onnens, mais nous poss\u00e9dons aussi quelques parchets dans les villages voisins, entre Grandson et Concise. Des terroirs et des microclimats tr\u00e8s &hellip; Read More\" \/>\n<meta property=\"og:url\" content=\"https:\/\/camiliengaille.ch\/de\/notre-domaine-2\/\" \/>\n<meta property=\"article:modified_time\" content=\"2025-04-10T10:31:37+00:00\" \/>\n<meta property=\"og:image\" content=\"https:\/\/camiliengaille.ch\/wp-content\/uploads\/2025\/04\/pexels-pixabay-39511.jpg\" \/>\n<meta name=\"twitter:card\" content=\"summary_large_image\" \/>\n<meta name=\"twitter:label1\" content=\"Gesch\u00e4tzte Lesezeit\" \/>\n\t<meta name=\"twitter:data1\" content=\"5\u00a0Minuten\" \/>\n<script type=\"application\/ld+json\" class=\"yoast-schema-graph\">{\"@context\":\"https:\/\/schema.org\",\"@graph\":[{\"@type\":\"WebPage\",\"@id\":\"https:\/\/camiliengaille.ch\/notre-domaine-2\/\",\"url\":\"https:\/\/camiliengaille.ch\/notre-domaine-2\/\",\"name\":\"Notre domaine -\",\"isPartOf\":{\"@id\":\"https:\/\/camiliengaille.ch\/#website\"},\"datePublished\":\"2025-04-09T06:40:47+00:00\",\"dateModified\":\"2025-04-10T10:31:37+00:00\",\"breadcrumb\":{\"@id\":\"https:\/\/camiliengaille.ch\/notre-domaine-2\/#breadcrumb\"},\"inLanguage\":\"de\",\"potentialAction\":[{\"@type\":\"ReadAction\",\"target\":[\"https:\/\/camiliengaille.ch\/notre-domaine-2\/\"]}]},{\"@type\":\"BreadcrumbList\",\"@id\":\"https:\/\/camiliengaille.ch\/notre-domaine-2\/#breadcrumb\",\"itemListElement\":[{\"@type\":\"ListItem\",\"position\":1,\"name\":\"Accueil\",\"item\":\"https:\/\/camiliengaille.ch\/\"},{\"@type\":\"ListItem\",\"position\":2,\"name\":\"Notre domaine\"}]},{\"@type\":\"WebSite\",\"@id\":\"https:\/\/camiliengaille.ch\/#website\",\"url\":\"https:\/\/camiliengaille.ch\/\",\"name\":\"\",\"description\":\"\",\"potentialAction\":[{\"@type\":\"SearchAction\",\"target\":{\"@type\":\"EntryPoint\",\"urlTemplate\":\"https:\/\/camiliengaille.ch\/?s={search_term_string}\"},\"query-input\":\"required name=search_term_string\"}],\"inLanguage\":\"de\"}]}<\/script>\n<!-- \/ Yoast SEO plugin. -->","yoast_head_json":{"title":"Notre domaine -","robots":{"index":"index","follow":"follow","max-snippet":"max-snippet:-1","max-image-preview":"max-image-preview:large","max-video-preview":"max-video-preview:-1"},"canonical":"https:\/\/camiliengaille.ch\/de\/notre-domaine-2\/","og_locale":"de_DE","og_type":"article","og_title":"Notre domaine -","og_description":"Notre domaine Notre domaine \u2026 L\u2019essentiel des 9 hectares de vignes que nous cultivons est situ\u00e9 sur la commune d\u2019Onnens, mais nous poss\u00e9dons aussi quelques parchets dans les villages voisins, entre Grandson et Concise. Des terroirs et des microclimats tr\u00e8s &hellip; Read More","og_url":"https:\/\/camiliengaille.ch\/de\/notre-domaine-2\/","article_modified_time":"2025-04-10T10:31:37+00:00","og_image":[{"url":"https:\/\/camiliengaille.ch\/wp-content\/uploads\/2025\/04\/pexels-pixabay-39511.jpg"}],"twitter_card":"summary_large_image","twitter_misc":{"Gesch\u00e4tzte Lesezeit":"5\u00a0Minuten"},"schema":{"@context":"https:\/\/schema.org","@graph":[{"@type":"WebPage","@id":"https:\/\/camiliengaille.ch\/notre-domaine-2\/","url":"https:\/\/camiliengaille.ch\/notre-domaine-2\/","name":"Notre domaine -","isPartOf":{"@id":"https:\/\/camiliengaille.ch\/#website"},"datePublished":"2025-04-09T06:40:47+00:00","dateModified":"2025-04-10T10:31:37+00:00","breadcrumb":{"@id":"https:\/\/camiliengaille.ch\/notre-domaine-2\/#breadcrumb"},"inLanguage":"de","potentialAction":[{"@type":"ReadAction","target":["https:\/\/camiliengaille.ch\/notre-domaine-2\/"]}]},{"@type":"BreadcrumbList","@id":"https:\/\/camiliengaille.ch\/notre-domaine-2\/#breadcrumb","itemListElement":[{"@type":"ListItem","position":1,"name":"Accueil","item":"https:\/\/camiliengaille.ch\/"},{"@type":"ListItem","position":2,"name":"Notre domaine"}]},{"@type":"WebSite","@id":"https:\/\/camiliengaille.ch\/#website","url":"https:\/\/camiliengaille.ch\/","name":"","description":"","potentialAction":[{"@type":"SearchAction","target":{"@type":"EntryPoint","urlTemplate":"https:\/\/camiliengaille.ch\/?s={search_term_string}"},"query-input":"required name=search_term_string"}],"inLanguage":"de"}]}},"_links":{"self":[{"href":"https:\/\/camiliengaille.ch\/de\/wp-json\/wp\/v2\/pages\/564","targetHints":{"allow":["GET"]}}],"collection":[{"href":"https:\/\/camiliengaille.ch\/de\/wp-json\/wp\/v2\/pages"}],"about":[{"href":"https:\/\/camiliengaille.ch\/de\/wp-json\/wp\/v2\/types\/page"}],"author":[{"embeddable":true,"href":"https:\/\/camiliengaille.ch\/de\/wp-json\/wp\/v2\/users\/6"}],"replies":[{"embeddable":true,"href":"https:\/\/camiliengaille.ch\/de\/wp-json\/wp\/v2\/comments?post=564"}],"version-history":[{"count":18,"href":"https:\/\/camiliengaille.ch\/de\/wp-json\/wp\/v2\/pages\/564\/revisions"}],"predecessor-version":[{"id":711,"href":"https:\/\/camiliengaille.ch\/de\/wp-json\/wp\/v2\/pages\/564\/revisions\/711"}],"wp:attachment":[{"href":"https:\/\/camiliengaille.ch\/de\/wp-json\/wp\/v2\/media?parent=564"}],"curies":[{"name":"wp","href":"https:\/\/api.w.org\/{rel}","templated":true}]}}