{"id":57,"date":"2019-07-24T16:30:16","date_gmt":"2019-07-24T14:30:16","guid":{"rendered":"http:\/\/3c634affzx.preview.infomaniak.website\/?page_id=57"},"modified":"2024-02-01T10:49:04","modified_gmt":"2024-02-01T09:49:04","slug":"liste-de-prix","status":"publish","type":"page","link":"https:\/\/camiliengaille.ch\/de\/liste-de-prix\/","title":{"rendered":"Liste de Prix"},"content":{"rendered":"<h2>Blancs<\/h2>\r\n<h4>\u00a0<\/h4>\r\n<h4 class=\"has-medium-font-size\">Chasselas:<\/h4>\r\n\r\n\r\n\r\n<p>La Brant\u00e9e 70 cl \u00e0 9.50<\/p>\r\n\r\n\r\n\r\n<p>La Brant\u00e9e 50 cl \u00e0 6.70<\/p>\r\n\r\n\r\n\r\n<p>La Chassagne 70 cl \u00e0 12.-<\/p>\r\n\r\n\r\n\r\n<p>La Chassagne 50 cl \u00e0 8.50<\/p>\r\n\r\n\r\n\r\n<h4>\u00a0<\/h4>\r\n<h4 class=\"has-medium-font-size\">Charmont:<\/h4>\r\n\r\n\r\n\r\n<p>Charmont 75 cl \u00e0 12.-<\/p>\r\n\r\n\r\n\r\n<p>Charmont 50 cl \u00e0 8.50<\/p>\r\n<h4>\u00a0<\/h4>\r\n<h4>Pinot Blanc:<\/h4>\r\n<p>Pinot Blanc 75 cl \u00e0 14.50<\/p>\r\n<p>Pinot Blanc 50 cl \u00e0 9.50<\/p>\r\n<h4>\u00a0<\/h4>\r\n<h4>Gew\u00fcrztraminer:<\/h4>\r\n<p>Passe Muraille 50 cl \u00e0 11.-<\/p>\r\n<h4>\u00a0<\/h4>\r\n<h4>Sp\u00e9cialit\u00e9s:<\/h4>\r\n<p>Blanc de Blanc brut 75cl \u00e0 24.-<\/p>\r\n<p>Or d&rsquo;Automne (vin doux) 37.5 cl \u00e0 21.-<\/p>\r\n<p>&nbsp;<\/p>\r\n<h2>Ros\u00e9s<\/h2>\r\n<h4>\u00a0<\/h4>\r\n<h4>Ros\u00e9 de Pinot Noir:<\/h4>\r\n<p>Oeil-de-perdrix 75 cl \u00e0 14.50<\/p>\r\n<p>Oeil-de-perdrix 50 cl \u00e0 9.50<\/p>\r\n<h4>\u00a0<\/h4>\r\n<h4>Ros\u00e9 de Gamay:<\/h4>\r\n<p>Les 3 Saisons 50\u00a0 cl \u00e0 6.70<\/p>\r\n<p>&nbsp;<\/p>\r\n<h2>Rouges<\/h2>\r\n<h4>\u00a0<\/h4>\r\n<h4>Pinot Gamay:<\/h4>\r\n<p>Le T\u00e9m\u00e9raire 75 cl \u00e0 10.50<\/p>\r\n<p>Le T\u00e9m\u00e9raire 50 cl \u00e0 7.20<\/p>\r\n<h4>\u00a0<\/h4>\r\n<h4>Pinot Noir:<\/h4>\r\n<p>Sur-les-Chaux 75 cl \u00e0 14.50<\/p>\r\n<p>Sur-les-Chaux 50 cl \u00e0 9.50<\/p>\r\n<p>Sur-les-Chaux en f\u00fbt de ch\u00eane 75 cl \u00e0 20.-<\/p>\r\n<h4>\u00a0<\/h4>\r\n<h4>Gamaret-Garanoir:<\/h4>\r\n<p>Les D\u00e9racin\u00e9s 70 cl \u00e0 21.-<\/p>\r\n<p>Les D\u00e9racin\u00e9s 50 cl \u00e0 15.-<\/p>\r\n<h4>\u00a0<\/h4>\r\n<h4>Merlot -Cabernet:<\/h4>\r\n<p>Ros Solis 75 cl \u00e0 25.-<\/p>\r\n<p>Ros Solis 50 cl \u00e0 17.-<\/p>\r\n<p>&nbsp;<\/p>\r\n\r\n\r\n\r\n<p>Si vous souhaitez nous commander du vin, vous pouvez le faire en<a href=\"http:\/\/camiliengaille.ch\/de\/commande\/\"> cliquant ici.<\/a><\/p>","protected":false},"excerpt":{"rendered":"<p>Blancs \u00a0 Chasselas: La Brant\u00e9e 70 cl \u00e0 9.50 La Brant\u00e9e 50 cl \u00e0 6.70 La Chassagne 70 cl \u00e0 12.- La Chassagne 50 cl \u00e0 8.50 \u00a0 Charmont: Charmont 75 cl \u00e0 12.- Charmont 50 cl \u00e0 8.50 \u00a0 &hellip; <\/p>\n<div class=\"read-more\"><a href=\"https:\/\/camiliengaille.ch\/de\/liste-de-prix\/\" class=\"more-link\">Read More<\/a><\/div>","protected":false},"author":3,"featured_media":0,"parent":0,"menu_order":0,"comment_status":"closed","ping_status":"closed","template":"","meta":{"footnotes":""},"class_list":["post-57","page","type-page","status-publish","hentry","entry"],"yoast_head":"<!-- This site is optimized with the Yoast SEO plugin v20.1 - https:\/\/yoast.com\/wordpress\/plugins\/seo\/ -->\n<title>Liste de Prix -<\/title>\n<meta name=\"robots\" content=\"index, follow, max-snippet:-1, max-image-preview:large, max-video-preview:-1\" \/>\n<link rel=\"canonical\" href=\"https:\/\/camiliengaille.ch\/de\/liste-de-prix\/\" \/>\n<meta property=\"og:locale\" content=\"de_DE\" \/>\n<meta property=\"og:type\" content=\"article\" \/>\n<meta property=\"og:title\" content=\"Liste de Prix -\" \/>\n<meta property=\"og:description\" content=\"Blancs \u00a0 Chasselas: La Brant\u00e9e 70 cl \u00e0 9.50 La Brant\u00e9e 50 cl \u00e0 6.70 La Chassagne 70 cl \u00e0 12.- La Chassagne 50 cl \u00e0 8.50 \u00a0 Charmont: Charmont 75 cl \u00e0 12.- Charmont 50 cl \u00e0 8.50 \u00a0 &hellip; Read More\" \/>\n<meta property=\"og:url\" content=\"https:\/\/camiliengaille.ch\/de\/liste-de-prix\/\" \/>\n<meta property=\"article:modified_time\" content=\"2024-02-01T09:49:04+00:00\" \/>\n<meta name=\"twitter:card\" content=\"summary_large_image\" \/>\n<meta name=\"twitter:label1\" content=\"Gesch\u00e4tzte Lesezeit\" \/>\n\t<meta name=\"twitter:data1\" content=\"1\u00a0Minute\" \/>\n<script type=\"application\/ld+json\" class=\"yoast-schema-graph\">{\"@context\":\"https:\/\/schema.org\",\"@graph\":[{\"@type\":\"WebPage\",\"@id\":\"https:\/\/camiliengaille.ch\/liste-de-prix\/\",\"url\":\"https:\/\/camiliengaille.ch\/liste-de-prix\/\",\"name\":\"Liste de Prix -\",\"isPartOf\":{\"@id\":\"https:\/\/camiliengaille.ch\/#website\"},\"datePublished\":\"2019-07-24T14:30:16+00:00\",\"dateModified\":\"2024-02-01T09:49:04+00:00\",\"breadcrumb\":{\"@id\":\"https:\/\/camiliengaille.ch\/liste-de-prix\/#breadcrumb\"},\"inLanguage\":\"de\",\"potentialAction\":[{\"@type\":\"ReadAction\",\"target\":[\"https:\/\/camiliengaille.ch\/liste-de-prix\/\"]}]},{\"@type\":\"BreadcrumbList\",\"@id\":\"https:\/\/camiliengaille.ch\/liste-de-prix\/#breadcrumb\",\"itemListElement\":[{\"@type\":\"ListItem\",\"position\":1,\"name\":\"Accueil\",\"item\":\"https:\/\/camiliengaille.ch\/\"},{\"@type\":\"ListItem\",\"position\":2,\"name\":\"Liste de Prix\"}]},{\"@type\":\"WebSite\",\"@id\":\"https:\/\/camiliengaille.ch\/#website\",\"url\":\"https:\/\/camiliengaille.ch\/\",\"name\":\"\",\"description\":\"\",\"potentialAction\":[{\"@type\":\"SearchAction\",\"target\":{\"@type\":\"EntryPoint\",\"urlTemplate\":\"https:\/\/camiliengaille.ch\/?s={search_term_string}\"},\"query-input\":\"required name=search_term_string\"}],\"inLanguage\":\"de\"}]}<\/script>\n<!-- \/ Yoast SEO plugin. -->","yoast_head_json":{"title":"Liste de Prix -","robots":{"index":"index","follow":"follow","max-snippet":"max-snippet:-1","max-image-preview":"max-image-preview:large","max-video-preview":"max-video-preview:-1"},"canonical":"https:\/\/camiliengaille.ch\/de\/liste-de-prix\/","og_locale":"de_DE","og_type":"article","og_title":"Liste de Prix -","og_description":"Blancs \u00a0 Chasselas: La Brant\u00e9e 70 cl \u00e0 9.50 La Brant\u00e9e 50 cl \u00e0 6.70 La Chassagne 70 cl \u00e0 12.- La Chassagne 50 cl \u00e0 8.50 \u00a0 Charmont: Charmont 75 cl \u00e0 12.- Charmont 50 cl \u00e0 8.50 \u00a0 &hellip; Read More","og_url":"https:\/\/camiliengaille.ch\/de\/liste-de-prix\/","article_modified_time":"2024-02-01T09:49:04+00:00","twitter_card":"summary_large_image","twitter_misc":{"Gesch\u00e4tzte Lesezeit":"1\u00a0Minute"},"schema":{"@context":"https:\/\/schema.org","@graph":[{"@type":"WebPage","@id":"https:\/\/camiliengaille.ch\/liste-de-prix\/","url":"https:\/\/camiliengaille.ch\/liste-de-prix\/","name":"Liste de Prix -","isPartOf":{"@id":"https:\/\/camiliengaille.ch\/#website"},"datePublished":"2019-07-24T14:30:16+00:00","dateModified":"2024-02-01T09:49:04+00:00","breadcrumb":{"@id":"https:\/\/camiliengaille.ch\/liste-de-prix\/#breadcrumb"},"inLanguage":"de","potentialAction":[{"@type":"ReadAction","target":["https:\/\/camiliengaille.ch\/liste-de-prix\/"]}]},{"@type":"BreadcrumbList","@id":"https:\/\/camiliengaille.ch\/liste-de-prix\/#breadcrumb","itemListElement":[{"@type":"ListItem","position":1,"name":"Accueil","item":"https:\/\/camiliengaille.ch\/"},{"@type":"ListItem","position":2,"name":"Liste de Prix"}]},{"@type":"WebSite","@id":"https:\/\/camiliengaille.ch\/#website","url":"https:\/\/camiliengaille.ch\/","name":"","description":"","potentialAction":[{"@type":"SearchAction","target":{"@type":"EntryPoint","urlTemplate":"https:\/\/camiliengaille.ch\/?s={search_term_string}"},"query-input":"required name=search_term_string"}],"inLanguage":"de"}]}},"_links":{"self":[{"href":"https:\/\/camiliengaille.ch\/de\/wp-json\/wp\/v2\/pages\/57","targetHints":{"allow":["GET"]}}],"collection":[{"href":"https:\/\/camiliengaille.ch\/de\/wp-json\/wp\/v2\/pages"}],"about":[{"href":"https:\/\/camiliengaille.ch\/de\/wp-json\/wp\/v2\/types\/page"}],"author":[{"embeddable":true,"href":"https:\/\/camiliengaille.ch\/de\/wp-json\/wp\/v2\/users\/3"}],"replies":[{"embeddable":true,"href":"https:\/\/camiliengaille.ch\/de\/wp-json\/wp\/v2\/comments?post=57"}],"version-history":[{"count":22,"href":"https:\/\/camiliengaille.ch\/de\/wp-json\/wp\/v2\/pages\/57\/revisions"}],"predecessor-version":[{"id":380,"href":"https:\/\/camiliengaille.ch\/de\/wp-json\/wp\/v2\/pages\/57\/revisions\/380"}],"wp:attachment":[{"href":"https:\/\/camiliengaille.ch\/de\/wp-json\/wp\/v2\/media?parent=57"}],"curies":[{"name":"wp","href":"https:\/\/api.w.org\/{rel}","templated":true}]}}